{"id":958,"date":"2025-09-06T20:46:29","date_gmt":"2025-09-06T18:46:29","guid":{"rendered":"https:\/\/letempleaurelie.fr\/LeTempledAurelie\/?page_id=958"},"modified":"2025-12-18T12:22:52","modified_gmt":"2025-12-18T11:22:52","slug":"qui-suis-je","status":"publish","type":"page","link":"https:\/\/letempleaurelie.fr\/LeTempledAurelie\/qui-suis-je\/","title":{"rendered":"Qui suis-je ?"},"content":{"rendered":"\t\t<div data-elementor-type=\"wp-page\" data-elementor-id=\"958\" class=\"elementor elementor-958\">\n\t\t\t\t<div class=\"elementor-element elementor-element-7ba0d01 e-con-full e-flex e-con e-parent\" data-id=\"7ba0d01\" data-element_type=\"container\" data-e-type=\"container\">\n\t\t\t\t<div class=\"elementor-element elementor-element-719624f elementor-widget elementor-widget-heading\" data-id=\"719624f\" data-element_type=\"widget\" data-e-type=\"widget\" data-widget_type=\"heading.default\">\n\t\t\t\t\t<h2 class=\"elementor-heading-title elementor-size-default\">Qui se cache derri\u00e8re Le Temple d'Aur\u00e9lie ?<\/h2>\t\t\t\t<\/div>\n\t\t\t\t<\/div>\n\t\t<div class=\"elementor-element elementor-element-d334157 e-flex e-con-boxed e-con e-parent\" data-id=\"d334157\" data-element_type=\"container\" data-e-type=\"container\">\n\t\t\t\t\t<div class=\"e-con-inner\">\n\t\t<div class=\"elementor-element elementor-element-dd772d6 e-con-full e-flex e-con e-child\" data-id=\"dd772d6\" data-element_type=\"container\" data-e-type=\"container\">\n\t\t\t\t<div class=\"elementor-element elementor-element-3a845e0 elementor-widget elementor-widget-image\" data-id=\"3a845e0\" data-element_type=\"widget\" data-e-type=\"widget\" data-widget_type=\"image.default\">\n\t\t\t\t\t\t\t\t\t\t\t\t\t\t\t<img fetchpriority=\"high\" width=\"515\" height=\"720\"  class=\"attachment-large size-large wp-image-76 lws-optimize-lazyload\" alt=\"\" srcset=\"https:\/\/letempleaurelie.fr\/LeTempledAurelie\/wp-content\/uploads\/2025\/08\/IMG_6279-2-e1755195449885_lwsoptimized.webp 515w, https:\/\/letempleaurelie.fr\/LeTempledAurelie\/wp-content\/uploads\/2025\/08\/IMG_6279-2-e1755195449885_lwsoptimized-215x300.webp 215w\" sizes=\"(max-width: 515px) 100vw, 515px\" \/ data-src=\"https:\/\/letempleaurelie.fr\/LeTempledAurelie\/wp-content\/uploads\/2025\/08\/IMG_6279-2-e1755195449885_lwsoptimized.webp\">\t\t\t\t\t\t\t\t\t\t\t\t\t\t\t<\/div>\n\t\t\t\t<\/div>\n\t\t<div class=\"elementor-element elementor-element-e15f31d e-con-full e-flex e-con e-child\" data-id=\"e15f31d\" data-element_type=\"container\" data-e-type=\"container\">\n\t\t\t\t<div class=\"elementor-element elementor-element-3d3eae2 elementor-widget elementor-widget-text-editor\" data-id=\"3d3eae2\" data-element_type=\"widget\" data-e-type=\"widget\" data-widget_type=\"text-editor.default\">\n\t\t\t\t\t\t\t\t\t<p>Je m\u2019appelle Aur\u00e9lie, j\u2019ai 25 ans. Originaire de Toulouse et berc\u00e9e par la nature ari\u00e9geoise, j\u2019ai toujours eu le d\u00e9sir profond de me rapprocher de l\u2019humain et de l\u2019essentiel. Apr\u00e8s un d\u00e9but de parcours en administration\/comptabilit\u00e9, un \u00e9v\u00e9nement marquant m\u2019a amen\u00e9e \u00e0 r\u00e9inventer ma vie. Ce qui m\u2019anime, c\u2019est de redonner de l\u2019\u00e9nergie, du sens et de l\u2019harmonie \u00e0 ceux qui viennent \u00e0 ma rencontre.<\/p><p>Depuis 2022, je me forme \u00e0 la m\u00e9decine traditionnelle chinoise \u00e0 Bordeaux et j\u2019explore diff\u00e9rentes pratiques comme le massage Tuina, les ventouses, l\u2019auriculoth\u00e9rapie et bient\u00f4t l&rsquo;acupuncture. En d\u00e9but 2025, j\u2019ai enrichi mon chemin avec une certification en drainage lymphatique manuel et esth\u00e9tique selon la m\u00e9thode Vodder.<\/p><p>Avec <strong data-start=\"816\" data-end=\"839\">Le Temple d\u2019Aur\u00e9lie<\/strong>, j\u2019ai cr\u00e9\u00e9 un cocon de bienveillance et de s\u00e9r\u00e9nit\u00e9, o\u00f9 chaque soin est une invitation \u00e0 retrouver \u00e9quilibre, harmonie et \u00e9nergie \u00e0 domicile.<\/p>\t\t\t\t\t\t\t\t<\/div>\n\t\t\t\t<\/div>\n\t\t\t\t\t<\/div>\n\t\t\t\t<\/div>\n\t\t<div class=\"elementor-element elementor-element-494b834 e-flex e-con-boxed e-con e-parent\" data-id=\"494b834\" data-element_type=\"container\" data-e-type=\"container\">\n\t\t\t\t\t<div class=\"e-con-inner\">\n\t\t\t\t<div class=\"elementor-element elementor-element-7bbe3ea elementor-widget elementor-widget-heading\" data-id=\"7bbe3ea\" data-element_type=\"widget\" data-e-type=\"widget\" data-widget_type=\"heading.default\">\n\t\t\t\t\t<h2 class=\"elementor-heading-title elementor-size-default\">Message important<\/h2>\t\t\t\t<\/div>\n\t\t\t\t<div class=\"elementor-element elementor-element-f87bff4 elementor-widget elementor-widget-text-editor\" data-id=\"f87bff4\" data-element_type=\"widget\" data-e-type=\"widget\" data-widget_type=\"text-editor.default\">\n\t\t\t\t\t\t\t\t\t<p style=\"text-align: center;\"><span style=\"color: #7f8f6f;\"><strong>Mes accompagnements en m\u00e9decine traditionnelle chinoise s\u2019inscrivent uniquement dans une d\u00e9marche compl\u00e9mentaire et de soutien. Ils ne se substituent en aucun cas \u00e0 un suivi m\u00e9dical aupr\u00e8s de votre m\u00e9decin g\u00e9n\u00e9raliste ou sp\u00e9cialiste.<\/strong><\/span><\/p><p style=\"text-align: center;\"><br data-start=\"463\" data-end=\"466\" \/><span style=\"color: #7f8f6f;\"><strong>Je ne demande jamais l\u2019arr\u00eat d\u2019un traitement m\u00e9dicamenteux ou chirurgical et je ne promets pas de gu\u00e9rison. Mon r\u00f4le est d\u2019aider \u00e0 r\u00e9tablir l\u2019\u00e9quilibre interne et \u00e0 favoriser un meilleur \u00e9tat de sant\u00e9 global, dans le respect et en collaboration avec les professionnels de sant\u00e9 qui vous suivent d\u00e9j\u00e0.<\/strong><\/span><\/p>\t\t\t\t\t\t\t\t<\/div>\n\t\t\t\t<div class=\"elementor-element elementor-element-a120cc9 elementor-widget elementor-widget-heading\" data-id=\"a120cc9\" data-element_type=\"widget\" data-e-type=\"widget\" data-widget_type=\"heading.default\">\n\t\t\t\t\t<h2 class=\"elementor-heading-title elementor-size-default\">Formations<\/h2>\t\t\t\t<\/div>\n\t\t\t\t\t<\/div>\n\t\t\t\t<\/div>\n\t\t<div class=\"elementor-element elementor-element-23dda6a e-flex e-con-boxed e-con e-parent\" data-id=\"23dda6a\" data-element_type=\"container\" data-e-type=\"container\">\n\t\t\t\t\t<div class=\"e-con-inner\">\n\t\t\t\t<div class=\"elementor-element elementor-element-40f923e elementor-icon-list--layout-traditional elementor-list-item-link-full_width elementor-widget elementor-widget-icon-list\" data-id=\"40f923e\" data-element_type=\"widget\" data-e-type=\"widget\" data-widget_type=\"icon-list.default\">\n\t\t\t\t\t\t\t<ul class=\"elementor-icon-list-items\">\n\t\t\t\t\t\t\t<li class=\"elementor-icon-list-item\">\n\t\t\t\t\t\t\t\t\t\t\t<span class=\"elementor-icon-list-icon\">\n\t\t\t\t\t\t\t<i aria-hidden=\"true\" class=\"icon icon-diploma\"><\/i>\t\t\t\t\t\t<\/span>\n\t\t\t\t\t\t\t\t\t\t<span class=\"elementor-icon-list-text\">Massoth\u00e9rapie Tuina - certification IFTEM 2024<\/span>\n\t\t\t\t\t\t\t\t\t<\/li>\n\t\t\t\t\t\t\t\t<li class=\"elementor-icon-list-item\">\n\t\t\t\t\t\t\t\t\t\t\t<span class=\"elementor-icon-list-icon\">\n\t\t\t\t\t\t\t<i aria-hidden=\"true\" class=\"icon icon-diploma\"><\/i>\t\t\t\t\t\t<\/span>\n\t\t\t\t\t\t\t\t\t\t<span class=\"elementor-icon-list-text\">Auriculoth\u00e9rapie -certification IFTEM 2025<\/span>\n\t\t\t\t\t\t\t\t\t<\/li>\n\t\t\t\t\t\t\t\t<li class=\"elementor-icon-list-item\">\n\t\t\t\t\t\t\t\t\t\t\t<span class=\"elementor-icon-list-icon\">\n\t\t\t\t\t\t\t<i aria-hidden=\"true\" class=\"icon icon-diploma\"><\/i>\t\t\t\t\t\t<\/span>\n\t\t\t\t\t\t\t\t\t\t<span class=\"elementor-icon-list-text\">Drainage lymphatique esth\u00e9rique et manuel - Vooder - certification 2025<\/span>\n\t\t\t\t\t\t\t\t\t<\/li>\n\t\t\t\t\t\t<\/ul>\n\t\t\t\t\t\t<\/div>\n\t\t\t\t\t<\/div>\n\t\t\t\t<\/div>\n\t\t\t\t<\/div>\n\t\t\n    <div class=\"xs_social_share_widget xs_share_url after_content \t\tmain_content  wslu-style-1 wslu-share-box-shaped wslu-fill-colored wslu-none wslu-share-horizontal wslu-theme-font-no wslu-main_content\">\n\n\t\t\n        <ul>\n\t\t\t        <\/ul>\n    <\/div> \n","protected":false},"excerpt":{"rendered":"<p>Qui se cache derri\u00e8re Le Temple d&rsquo;Aur\u00e9lie ? Je m\u2019appelle Aur\u00e9lie, j\u2019ai 25 ans. Originaire de Toulouse et berc\u00e9e par la nature ari\u00e9geoise, j\u2019ai toujours eu le d\u00e9sir profond de me rapprocher de l\u2019humain et de l\u2019essentiel. Apr\u00e8s un d\u00e9but de parcours en administration\/comptabilit\u00e9, un \u00e9v\u00e9nement marquant m\u2019a amen\u00e9e \u00e0 r\u00e9inventer ma vie. Ce qui [&hellip;]<\/p>\n","protected":false},"author":1,"featured_media":0,"parent":0,"menu_order":0,"comment_status":"closed","ping_status":"open","template":"","meta":{"postBodyCss":"","postBodyMargin":[],"postBodyPadding":[],"postBodyBackground":{"backgroundType":"classic","gradient":""},"ocean_post_layout":"","ocean_both_sidebars_style":"","ocean_both_sidebars_content_width":0,"ocean_both_sidebars_sidebars_width":0,"ocean_sidebar":"","ocean_second_sidebar":"","ocean_disable_margins":"enable","ocean_add_body_class":"","ocean_shortcode_before_top_bar":"","ocean_shortcode_after_top_bar":"","ocean_shortcode_before_header":"","ocean_shortcode_after_header":"","ocean_has_shortcode":"","ocean_shortcode_after_title":"","ocean_shortcode_before_footer_widgets":"","ocean_shortcode_after_footer_widgets":"","ocean_shortcode_before_footer_bottom":"","ocean_shortcode_after_footer_bottom":"","ocean_display_top_bar":"default","ocean_display_header":"default","ocean_header_style":"","ocean_center_header_left_menu":"","ocean_custom_header_template":"","ocean_custom_logo":0,"ocean_custom_retina_logo":0,"ocean_custom_logo_max_width":0,"ocean_custom_logo_tablet_max_width":0,"ocean_custom_logo_mobile_max_width":0,"ocean_custom_logo_max_height":0,"ocean_custom_logo_tablet_max_height":0,"ocean_custom_logo_mobile_max_height":0,"ocean_header_custom_menu":"","ocean_menu_typo_font_family":"","ocean_menu_typo_font_subset":"","ocean_menu_typo_font_size":0,"ocean_menu_typo_font_size_tablet":0,"ocean_menu_typo_font_size_mobile":0,"ocean_menu_typo_font_size_unit":"px","ocean_menu_typo_font_weight":"","ocean_menu_typo_font_weight_tablet":"","ocean_menu_typo_font_weight_mobile":"","ocean_menu_typo_transform":"","ocean_menu_typo_transform_tablet":"","ocean_menu_typo_transform_mobile":"","ocean_menu_typo_line_height":0,"ocean_menu_typo_line_height_tablet":0,"ocean_menu_typo_line_height_mobile":0,"ocean_menu_typo_line_height_unit":"","ocean_menu_typo_spacing":0,"ocean_menu_typo_spacing_tablet":0,"ocean_menu_typo_spacing_mobile":0,"ocean_menu_typo_spacing_unit":"","ocean_menu_link_color":"","ocean_menu_link_color_hover":"","ocean_menu_link_color_active":"","ocean_menu_link_background":"","ocean_menu_link_hover_background":"","ocean_menu_link_active_background":"","ocean_menu_social_links_bg":"","ocean_menu_social_hover_links_bg":"","ocean_menu_social_links_color":"","ocean_menu_social_hover_links_color":"","ocean_disable_title":"on","ocean_disable_heading":"default","ocean_post_title":"","ocean_post_subheading":"","ocean_post_title_style":"","ocean_post_title_background_color":"","ocean_post_title_background":0,"ocean_post_title_bg_image_position":"","ocean_post_title_bg_image_attachment":"","ocean_post_title_bg_image_repeat":"","ocean_post_title_bg_image_size":"","ocean_post_title_height":0,"ocean_post_title_bg_overlay":0.5,"ocean_post_title_bg_overlay_color":"","ocean_disable_breadcrumbs":"default","ocean_breadcrumbs_color":"","ocean_breadcrumbs_separator_color":"","ocean_breadcrumbs_links_color":"","ocean_breadcrumbs_links_hover_color":"","ocean_display_footer_widgets":"default","ocean_display_footer_bottom":"default","ocean_custom_footer_template":"","footnotes":""},"class_list":["post-958","page","type-page","status-publish","hentry","entry"],"yoast_head":"<!-- This site is optimized with the Yoast SEO plugin v27.3 - https:\/\/yoast.com\/product\/yoast-seo-wordpress\/ -->\n<title>Le Temple Aur\u00e9lie - M\u00e9decine Traditionnelle Chinoise \u00e0 domicile - Bordeaux<\/title>\n<meta name=\"description\" content=\"Aur\u00e9lie, praticienne en m\u00e9decine traditionnelle chinoise \u00e0 domicile \u00e0 Bordeaux : Tuina, drainage, auriculoth\u00e9rapie et ventouses.\" \/>\n<meta name=\"robots\" content=\"index, follow, max-snippet:-1, max-image-preview:large, max-video-preview:-1\" \/>\n<link rel=\"canonical\" href=\"https:\/\/letempleaurelie.fr\/LeTempledAurelie\/qui-suis-je\/\" \/>\n<meta property=\"og:locale\" content=\"fr_FR\" \/>\n<meta property=\"og:type\" content=\"article\" \/>\n<meta property=\"og:title\" content=\"Le Temple Aur\u00e9lie - M\u00e9decine Traditionnelle Chinoise \u00e0 domicile - Bordeaux\" \/>\n<meta property=\"og:description\" content=\"Aur\u00e9lie, praticienne en m\u00e9decine traditionnelle chinoise \u00e0 domicile \u00e0 Bordeaux : Tuina, drainage, auriculoth\u00e9rapie et ventouses.\" \/>\n<meta property=\"og:url\" content=\"https:\/\/letempleaurelie.fr\/LeTempledAurelie\/qui-suis-je\/\" \/>\n<meta property=\"og:site_name\" content=\"Le Temple Aur\u00e9lie\" \/>\n<meta property=\"article:publisher\" content=\"https:\/\/www.facebook.com\/p\/Le-temple-dAurelie-61574210465277\/\" \/>\n<meta property=\"article:modified_time\" content=\"2025-12-18T11:22:52+00:00\" \/>\n<meta property=\"og:image\" content=\"https:\/\/letempleaurelie.fr\/LeTempledAurelie\/wp-content\/uploads\/2025\/08\/IMG_6279-2-e1755195449885_lwsoptimized.webp\" \/>\n\t<meta property=\"og:image:width\" content=\"515\" \/>\n\t<meta property=\"og:image:height\" content=\"720\" \/>\n\t<meta property=\"og:image:type\" content=\"image\/webp\" \/>\n<meta name=\"twitter:card\" content=\"summary_large_image\" \/>\n<meta name=\"twitter:label1\" content=\"Dur\u00e9e de lecture estim\u00e9e\" \/>\n\t<meta name=\"twitter:data1\" content=\"2 minutes\" \/>\n<script type=\"application\/ld+json\" class=\"yoast-schema-graph\">{\"@context\":\"https:\\\/\\\/schema.org\",\"@graph\":[{\"@type\":\"WebPage\",\"@id\":\"https:\\\/\\\/letempleaurelie.fr\\\/LeTempledAurelie\\\/qui-suis-je\\\/\",\"url\":\"https:\\\/\\\/letempleaurelie.fr\\\/LeTempledAurelie\\\/qui-suis-je\\\/\",\"name\":\"Le Temple Aur\u00e9lie - M\u00e9decine Traditionnelle Chinoise \u00e0 domicile - Bordeaux\",\"isPartOf\":{\"@id\":\"https:\\\/\\\/letempleaurelie.fr\\\/LeTempledAurelie\\\/#website\"},\"primaryImageOfPage\":{\"@id\":\"https:\\\/\\\/letempleaurelie.fr\\\/LeTempledAurelie\\\/qui-suis-je\\\/#primaryimage\"},\"image\":{\"@id\":\"https:\\\/\\\/letempleaurelie.fr\\\/LeTempledAurelie\\\/qui-suis-je\\\/#primaryimage\"},\"thumbnailUrl\":\"https:\\\/\\\/letempleaurelie.fr\\\/LeTempledAurelie\\\/wp-content\\\/uploads\\\/2025\\\/08\\\/IMG_6279-2-768x1024.jpg\",\"datePublished\":\"2025-09-06T18:46:29+00:00\",\"dateModified\":\"2025-12-18T11:22:52+00:00\",\"description\":\"Aur\u00e9lie, praticienne en m\u00e9decine traditionnelle chinoise \u00e0 domicile \u00e0 Bordeaux : Tuina, drainage, auriculoth\u00e9rapie et ventouses.\",\"breadcrumb\":{\"@id\":\"https:\\\/\\\/letempleaurelie.fr\\\/LeTempledAurelie\\\/qui-suis-je\\\/#breadcrumb\"},\"inLanguage\":\"fr-FR\",\"potentialAction\":[{\"@type\":\"ReadAction\",\"target\":[\"https:\\\/\\\/letempleaurelie.fr\\\/LeTempledAurelie\\\/qui-suis-je\\\/\"]}]},{\"@type\":\"ImageObject\",\"inLanguage\":\"fr-FR\",\"@id\":\"https:\\\/\\\/letempleaurelie.fr\\\/LeTempledAurelie\\\/qui-suis-je\\\/#primaryimage\",\"url\":\"https:\\\/\\\/letempleaurelie.fr\\\/LeTempledAurelie\\\/wp-content\\\/uploads\\\/2025\\\/08\\\/IMG_6279-2-768x1024.jpg\",\"contentUrl\":\"https:\\\/\\\/letempleaurelie.fr\\\/LeTempledAurelie\\\/wp-content\\\/uploads\\\/2025\\\/08\\\/IMG_6279-2-768x1024.jpg\"},{\"@type\":\"BreadcrumbList\",\"@id\":\"https:\\\/\\\/letempleaurelie.fr\\\/LeTempledAurelie\\\/qui-suis-je\\\/#breadcrumb\",\"itemListElement\":[{\"@type\":\"ListItem\",\"position\":1,\"name\":\"Home\",\"item\":\"https:\\\/\\\/letempleaurelie.fr\\\/LeTempledAurelie\\\/\"},{\"@type\":\"ListItem\",\"position\":2,\"name\":\"Qui suis-je ?\"}]},{\"@type\":\"WebSite\",\"@id\":\"https:\\\/\\\/letempleaurelie.fr\\\/LeTempledAurelie\\\/#website\",\"url\":\"https:\\\/\\\/letempleaurelie.fr\\\/LeTempledAurelie\\\/\",\"name\":\"Le Temple d'Aur\u00e9lie\",\"description\":\"M\u00e9decine Traditionnelle chinoise - presation \u00e0 domicile sur bordeaux\",\"publisher\":{\"@id\":\"https:\\\/\\\/letempleaurelie.fr\\\/LeTempledAurelie\\\/#organization\"},\"potentialAction\":[{\"@type\":\"SearchAction\",\"target\":{\"@type\":\"EntryPoint\",\"urlTemplate\":\"https:\\\/\\\/letempleaurelie.fr\\\/LeTempledAurelie\\\/?s={search_term_string}\"},\"query-input\":{\"@type\":\"PropertyValueSpecification\",\"valueRequired\":true,\"valueName\":\"search_term_string\"}}],\"inLanguage\":\"fr-FR\"},{\"@type\":\"Organization\",\"@id\":\"https:\\\/\\\/letempleaurelie.fr\\\/LeTempledAurelie\\\/#organization\",\"name\":\"Le Temple d'Aur\u00e9lie\",\"url\":\"https:\\\/\\\/letempleaurelie.fr\\\/LeTempledAurelie\\\/\",\"logo\":{\"@type\":\"ImageObject\",\"inLanguage\":\"fr-FR\",\"@id\":\"https:\\\/\\\/letempleaurelie.fr\\\/LeTempledAurelie\\\/#\\\/schema\\\/logo\\\/image\\\/\",\"url\":\"https:\\\/\\\/letempleaurelie.fr\\\/LeTempledAurelie\\\/wp-content\\\/uploads\\\/2025\\\/08\\\/cropped-Tarifs-2025-4-e1755540009833_lwsoptimized.webp\",\"contentUrl\":\"https:\\\/\\\/letempleaurelie.fr\\\/LeTempledAurelie\\\/wp-content\\\/uploads\\\/2025\\\/08\\\/cropped-Tarifs-2025-4-e1755540009833_lwsoptimized.webp\",\"width\":826,\"height\":996,\"caption\":\"Le Temple d'Aur\u00e9lie\"},\"image\":{\"@id\":\"https:\\\/\\\/letempleaurelie.fr\\\/LeTempledAurelie\\\/#\\\/schema\\\/logo\\\/image\\\/\"},\"sameAs\":[\"https:\\\/\\\/www.facebook.com\\\/p\\\/Le-temple-dAurelie-61574210465277\\\/\",\"https:\\\/\\\/www.instagram.com\\\/Le-temple-dAurelie\"]}]}<\/script>\n<!-- \/ Yoast SEO plugin. -->","yoast_head_json":{"title":"Le Temple Aur\u00e9lie - M\u00e9decine Traditionnelle Chinoise \u00e0 domicile - Bordeaux","description":"Aur\u00e9lie, praticienne en m\u00e9decine traditionnelle chinoise \u00e0 domicile \u00e0 Bordeaux : Tuina, drainage, auriculoth\u00e9rapie et ventouses.","robots":{"index":"index","follow":"follow","max-snippet":"max-snippet:-1","max-image-preview":"max-image-preview:large","max-video-preview":"max-video-preview:-1"},"canonical":"https:\/\/letempleaurelie.fr\/LeTempledAurelie\/qui-suis-je\/","og_locale":"fr_FR","og_type":"article","og_title":"Le Temple Aur\u00e9lie - M\u00e9decine Traditionnelle Chinoise \u00e0 domicile - Bordeaux","og_description":"Aur\u00e9lie, praticienne en m\u00e9decine traditionnelle chinoise \u00e0 domicile \u00e0 Bordeaux : Tuina, drainage, auriculoth\u00e9rapie et ventouses.","og_url":"https:\/\/letempleaurelie.fr\/LeTempledAurelie\/qui-suis-je\/","og_site_name":"Le Temple Aur\u00e9lie","article_publisher":"https:\/\/www.facebook.com\/p\/Le-temple-dAurelie-61574210465277\/","article_modified_time":"2025-12-18T11:22:52+00:00","og_image":[{"width":515,"height":720,"url":"https:\/\/letempleaurelie.fr\/LeTempledAurelie\/wp-content\/uploads\/2025\/08\/IMG_6279-2-e1755195449885_lwsoptimized.webp","type":"image\/webp"}],"twitter_card":"summary_large_image","twitter_misc":{"Dur\u00e9e de lecture estim\u00e9e":"2 minutes"},"schema":{"@context":"https:\/\/schema.org","@graph":[{"@type":"WebPage","@id":"https:\/\/letempleaurelie.fr\/LeTempledAurelie\/qui-suis-je\/","url":"https:\/\/letempleaurelie.fr\/LeTempledAurelie\/qui-suis-je\/","name":"Le Temple Aur\u00e9lie - M\u00e9decine Traditionnelle Chinoise \u00e0 domicile - Bordeaux","isPartOf":{"@id":"https:\/\/letempleaurelie.fr\/LeTempledAurelie\/#website"},"primaryImageOfPage":{"@id":"https:\/\/letempleaurelie.fr\/LeTempledAurelie\/qui-suis-je\/#primaryimage"},"image":{"@id":"https:\/\/letempleaurelie.fr\/LeTempledAurelie\/qui-suis-je\/#primaryimage"},"thumbnailUrl":"https:\/\/letempleaurelie.fr\/LeTempledAurelie\/wp-content\/uploads\/2025\/08\/IMG_6279-2-768x1024.jpg","datePublished":"2025-09-06T18:46:29+00:00","dateModified":"2025-12-18T11:22:52+00:00","description":"Aur\u00e9lie, praticienne en m\u00e9decine traditionnelle chinoise \u00e0 domicile \u00e0 Bordeaux : Tuina, drainage, auriculoth\u00e9rapie et ventouses.","breadcrumb":{"@id":"https:\/\/letempleaurelie.fr\/LeTempledAurelie\/qui-suis-je\/#breadcrumb"},"inLanguage":"fr-FR","potentialAction":[{"@type":"ReadAction","target":["https:\/\/letempleaurelie.fr\/LeTempledAurelie\/qui-suis-je\/"]}]},{"@type":"ImageObject","inLanguage":"fr-FR","@id":"https:\/\/letempleaurelie.fr\/LeTempledAurelie\/qui-suis-je\/#primaryimage","url":"https:\/\/letempleaurelie.fr\/LeTempledAurelie\/wp-content\/uploads\/2025\/08\/IMG_6279-2-768x1024.jpg","contentUrl":"https:\/\/letempleaurelie.fr\/LeTempledAurelie\/wp-content\/uploads\/2025\/08\/IMG_6279-2-768x1024.jpg"},{"@type":"BreadcrumbList","@id":"https:\/\/letempleaurelie.fr\/LeTempledAurelie\/qui-suis-je\/#breadcrumb","itemListElement":[{"@type":"ListItem","position":1,"name":"Home","item":"https:\/\/letempleaurelie.fr\/LeTempledAurelie\/"},{"@type":"ListItem","position":2,"name":"Qui suis-je ?"}]},{"@type":"WebSite","@id":"https:\/\/letempleaurelie.fr\/LeTempledAurelie\/#website","url":"https:\/\/letempleaurelie.fr\/LeTempledAurelie\/","name":"Le Temple d'Aur\u00e9lie","description":"M\u00e9decine Traditionnelle chinoise - presation \u00e0 domicile sur bordeaux","publisher":{"@id":"https:\/\/letempleaurelie.fr\/LeTempledAurelie\/#organization"},"potentialAction":[{"@type":"SearchAction","target":{"@type":"EntryPoint","urlTemplate":"https:\/\/letempleaurelie.fr\/LeTempledAurelie\/?s={search_term_string}"},"query-input":{"@type":"PropertyValueSpecification","valueRequired":true,"valueName":"search_term_string"}}],"inLanguage":"fr-FR"},{"@type":"Organization","@id":"https:\/\/letempleaurelie.fr\/LeTempledAurelie\/#organization","name":"Le Temple d'Aur\u00e9lie","url":"https:\/\/letempleaurelie.fr\/LeTempledAurelie\/","logo":{"@type":"ImageObject","inLanguage":"fr-FR","@id":"https:\/\/letempleaurelie.fr\/LeTempledAurelie\/#\/schema\/logo\/image\/","url":"https:\/\/letempleaurelie.fr\/LeTempledAurelie\/wp-content\/uploads\/2025\/08\/cropped-Tarifs-2025-4-e1755540009833_lwsoptimized.webp","contentUrl":"https:\/\/letempleaurelie.fr\/LeTempledAurelie\/wp-content\/uploads\/2025\/08\/cropped-Tarifs-2025-4-e1755540009833_lwsoptimized.webp","width":826,"height":996,"caption":"Le Temple d'Aur\u00e9lie"},"image":{"@id":"https:\/\/letempleaurelie.fr\/LeTempledAurelie\/#\/schema\/logo\/image\/"},"sameAs":["https:\/\/www.facebook.com\/p\/Le-temple-dAurelie-61574210465277\/","https:\/\/www.instagram.com\/Le-temple-dAurelie"]}]}},"_links":{"self":[{"href":"https:\/\/letempleaurelie.fr\/LeTempledAurelie\/wp-json\/wp\/v2\/pages\/958","targetHints":{"allow":["GET"]}}],"collection":[{"href":"https:\/\/letempleaurelie.fr\/LeTempledAurelie\/wp-json\/wp\/v2\/pages"}],"about":[{"href":"https:\/\/letempleaurelie.fr\/LeTempledAurelie\/wp-json\/wp\/v2\/types\/page"}],"author":[{"embeddable":true,"href":"https:\/\/letempleaurelie.fr\/LeTempledAurelie\/wp-json\/wp\/v2\/users\/1"}],"replies":[{"embeddable":true,"href":"https:\/\/letempleaurelie.fr\/LeTempledAurelie\/wp-json\/wp\/v2\/comments?post=958"}],"version-history":[{"count":0,"href":"https:\/\/letempleaurelie.fr\/LeTempledAurelie\/wp-json\/wp\/v2\/pages\/958\/revisions"}],"wp:attachment":[{"href":"https:\/\/letempleaurelie.fr\/LeTempledAurelie\/wp-json\/wp\/v2\/media?parent=958"}],"curies":[{"name":"wp","href":"https:\/\/api.w.org\/{rel}","templated":true}]}}