{"id":43,"date":"2025-08-10T19:50:33","date_gmt":"2025-08-10T17:50:33","guid":{"rendered":"https:\/\/letempleaurelie.fr\/LeTempledAurelie\/?page_id=43"},"modified":"2026-01-19T14:30:43","modified_gmt":"2026-01-19T13:30:43","slug":"prendre-un-rdv","status":"publish","type":"page","link":"https:\/\/letempleaurelie.fr\/LeTempledAurelie\/prendre-un-rdv\/","title":{"rendered":"Prendre un RDV"},"content":{"rendered":"\t\t<div data-elementor-type=\"wp-page\" data-elementor-id=\"43\" class=\"elementor elementor-43\">\n\t\t\t\t<div class=\"elementor-element elementor-element-3ee49f7 e-flex e-con-boxed e-con e-parent\" data-id=\"3ee49f7\" data-element_type=\"container\" data-e-type=\"container\">\n\t\t\t\t\t<div class=\"e-con-inner\">\n\t\t<div class=\"elementor-element elementor-element-3172bc2 e-con-full e-flex e-con e-child\" data-id=\"3172bc2\" data-element_type=\"container\" data-e-type=\"container\">\n\t\t\t\t<div class=\"elementor-element elementor-element-dae9d31 elementor-widget elementor-widget-heading\" data-id=\"dae9d31\" data-element_type=\"widget\" data-e-type=\"widget\" data-widget_type=\"heading.default\">\n\t\t\t\t\t<h2 class=\"elementor-heading-title elementor-size-default\">Planifiez votre s\u00e9ance en quelque clics !<\/h2>\t\t\t\t<\/div>\n\t\t\t\t<div class=\"elementor-element elementor-element-9694c16 elementor-widget elementor-widget-text-editor\" data-id=\"9694c16\" data-element_type=\"widget\" data-e-type=\"widget\" data-widget_type=\"text-editor.default\">\n\t\t\t\t\t\t\t\t\t<p style=\"text-align: center;\"><b><span style=\"color: #d4a5a5;\">Simplement, humainement, \u00e0 votre rythme<\/span>. <\/b><span style=\"font-weight: 400;\">Prendre rendez-vous pour un soin de m\u00e9decine chinoise \u00e0 domicile ou en cabinet les mardis et jeudis, c\u2019est tr\u00e8s simple\u00a0<\/span><span style=\"font-weight: 400;\"><br \/><\/span><span style=\"font-weight: 400;\"> Je privil\u00e9gie <\/span><span style=\"color: #d4a5a5;\"><b>l\u2019\u00e9change direct<\/b><\/span><span style=\"font-weight: 400;\">, pour vous proposer une prestation adapt\u00e9e \u00e0 vos besoins et \u00e0 votre emploi du temps.<\/span><\/p><p style=\"text-align: center;\"><span style=\"color: #d4a5a5;\"><strong>Paiement sur place &#8211; esp\u00e8ce ou ch\u00e8que. Pensez \u00e0 regarder les spam dans votre votre mail<\/strong><\/span><\/p>\t\t\t\t\t\t\t\t<\/div>\n\t\t\t\t<div class=\"elementor-element elementor-element-b4a9558 elementor-widget__width-initial elementor-widget elementor-widget-text-editor\" data-id=\"b4a9558\" data-element_type=\"widget\" data-e-type=\"widget\" data-widget_type=\"text-editor.default\">\n\t\t\t\t\t\t\t\t\t<p><span style=\"font-weight: 400;\">Je me d\u00e9place chez vous avec tout le mat\u00e9riel n\u00e9cessaire.<\/span><span style=\"font-weight: 400;\"><br \/><\/span><span style=\"font-weight: 400;\">Il vous suffit simplement de pr\u00e9voir un espace calme, une serviette, et de vous accorder ce moment pour vous.<\/span><\/p><p>ou bien, venir en cabinet les\u00a0 <span style=\"color: #d4a5a5;\"><strong>mardis et jeudis au Golfs Bordelais &#8211; 17 All\u00e9e Arago, 33200 BORDEAUX<\/strong><\/span><\/p>\t\t\t\t\t\t\t\t<\/div>\n\t\t\t\t<div class=\"elementor-element elementor-element-cf7cb04 elementor-widget elementor-widget-heading\" data-id=\"cf7cb04\" data-element_type=\"widget\" data-e-type=\"widget\" data-widget_type=\"heading.default\">\n\t\t\t\t\t<h2 class=\"elementor-heading-title elementor-size-default\">Prestations Drainage lymphatique de la m\u00e9thode Vodder <\/h2>\t\t\t\t<\/div>\n\t\t\t\t<\/div>\n\t\t\t\t<div class=\"elementor-element elementor-element-d2df209 elementor-widget elementor-widget-latepoint_book_form\" data-id=\"d2df209\" data-element_type=\"widget\" data-e-type=\"widget\" data-widget_type=\"latepoint_book_form.default\">\n\t\t\t\t<div class=\"elementor-widget-container\">\n\t\t\t\t\t<div class=\"latepoint-book-form-wrapper os-loading os_init_booking_form\" id=\"latepointBookForm_69d10272dbd46\" data-show-services=\"13,14,19,20,21\" data-hide-side-panel=\"no\" data-hide-summary=\"no\" >\n\t\t\t\t\t\t<div class=\"latepoint-w latepoint-inline-form latepoint-show-side-panel\">\n\t\t\t\t\t\t\t<div class=\"latepoint-booking-form-element\">\n\t\t\t\t\t\t\t\t<div class=\"latepoint-side-panel\"><\/div>\n\t\t\t\t\t\t\t\t<div class=\"latepoint-form-w\"><\/div>\n\t\t\t\t\t\t\t<\/div>\n\t\t\t\t\t\t<\/div>\n\t\t\t\t\t<\/div>\t\t\t\t<\/div>\n\t\t\t\t<\/div>\n\t\t\t\t<div class=\"elementor-element elementor-element-85e8658 elementor-widget elementor-widget-heading\" data-id=\"85e8658\" data-element_type=\"widget\" data-e-type=\"widget\" data-widget_type=\"heading.default\">\n\t\t\t\t\t<h2 class=\"elementor-heading-title elementor-size-default\">Prestations Auriculothrapie <\/h2>\t\t\t\t<\/div>\n\t\t\t\t<div class=\"elementor-element elementor-element-19f35ad elementor-widget elementor-widget-latepoint_book_form\" data-id=\"19f35ad\" data-element_type=\"widget\" data-e-type=\"widget\" data-widget_type=\"latepoint_book_form.default\">\n\t\t\t\t<div class=\"elementor-widget-container\">\n\t\t\t\t\t<div class=\"latepoint-book-form-wrapper os-loading os_init_booking_form\" id=\"latepointBookForm_69d10272dc1fa\" data-show-services=\"15,18,19,24,29\" data-hide-side-panel=\"no\" data-hide-summary=\"no\" >\n\t\t\t\t\t\t<div class=\"latepoint-w latepoint-inline-form latepoint-show-side-panel\">\n\t\t\t\t\t\t\t<div class=\"latepoint-booking-form-element\">\n\t\t\t\t\t\t\t\t<div class=\"latepoint-side-panel\"><\/div>\n\t\t\t\t\t\t\t\t<div class=\"latepoint-form-w\"><\/div>\n\t\t\t\t\t\t\t<\/div>\n\t\t\t\t\t\t<\/div>\n\t\t\t\t\t<\/div>\t\t\t\t<\/div>\n\t\t\t\t<\/div>\n\t\t\t\t<div class=\"elementor-element elementor-element-b29bc67 elementor-widget elementor-widget-heading\" data-id=\"b29bc67\" data-element_type=\"widget\" data-e-type=\"widget\" data-widget_type=\"heading.default\">\n\t\t\t\t\t<h2 class=\"elementor-heading-title elementor-size-default\">Prestations ventouses <\/h2>\t\t\t\t<\/div>\n\t\t\t\t<div class=\"elementor-element elementor-element-75ee6e4 elementor-widget elementor-widget-latepoint_book_form\" data-id=\"75ee6e4\" data-element_type=\"widget\" data-e-type=\"widget\" data-widget_type=\"latepoint_book_form.default\">\n\t\t\t\t<div class=\"elementor-widget-container\">\n\t\t\t\t\t<div class=\"latepoint-book-form-wrapper os-loading os_init_booking_form\" id=\"latepointBookForm_69d10272dc61d\" data-show-services=\"16,18,25\" data-hide-side-panel=\"no\" data-hide-summary=\"no\" >\n\t\t\t\t\t\t<div class=\"latepoint-w latepoint-inline-form latepoint-show-side-panel\">\n\t\t\t\t\t\t\t<div class=\"latepoint-booking-form-element\">\n\t\t\t\t\t\t\t\t<div class=\"latepoint-side-panel\"><\/div>\n\t\t\t\t\t\t\t\t<div class=\"latepoint-form-w\"><\/div>\n\t\t\t\t\t\t\t<\/div>\n\t\t\t\t\t\t<\/div>\n\t\t\t\t\t<\/div>\t\t\t\t<\/div>\n\t\t\t\t<\/div>\n\t\t\t\t<div class=\"elementor-element elementor-element-6ee3f4a elementor-widget elementor-widget-heading\" data-id=\"6ee3f4a\" data-element_type=\"widget\" data-e-type=\"widget\" data-widget_type=\"heading.default\">\n\t\t\t\t\t<h2 class=\"elementor-heading-title elementor-size-default\">Prestations massage tuina <\/h2>\t\t\t\t<\/div>\n\t\t\t\t<div class=\"elementor-element elementor-element-aa519d9 elementor-widget elementor-widget-latepoint_book_form\" data-id=\"aa519d9\" data-element_type=\"widget\" data-e-type=\"widget\" data-widget_type=\"latepoint_book_form.default\">\n\t\t\t\t<div class=\"elementor-widget-container\">\n\t\t\t\t\t<div class=\"latepoint-book-form-wrapper os-loading os_init_booking_form\" id=\"latepointBookForm_69d10272dca47\" data-show-services=\"18,30,31,32,33,34\" data-hide-side-panel=\"no\" data-hide-summary=\"no\" >\n\t\t\t\t\t\t<div class=\"latepoint-w latepoint-inline-form latepoint-show-side-panel\">\n\t\t\t\t\t\t\t<div class=\"latepoint-booking-form-element\">\n\t\t\t\t\t\t\t\t<div class=\"latepoint-side-panel\"><\/div>\n\t\t\t\t\t\t\t\t<div class=\"latepoint-form-w\"><\/div>\n\t\t\t\t\t\t\t<\/div>\n\t\t\t\t\t\t<\/div>\n\t\t\t\t\t<\/div>\t\t\t\t<\/div>\n\t\t\t\t<\/div>\n\t\t\t\t\t<\/div>\n\t\t\t\t<\/div>\n\t\t\t\t<\/div>\n\t\t\n    <div class=\"xs_social_share_widget xs_share_url after_content \t\tmain_content  wslu-style-1 wslu-share-box-shaped wslu-fill-colored wslu-none wslu-share-horizontal wslu-theme-font-no wslu-main_content\">\n\n\t\t\n        <ul>\n\t\t\t        <\/ul>\n    <\/div> \n","protected":false},"excerpt":{"rendered":"<p>Planifiez votre s\u00e9ance en quelque clics ! Simplement, humainement, \u00e0 votre rythme. Prendre rendez-vous pour un soin de m\u00e9decine chinoise \u00e0 domicile ou en cabinet les mardis et jeudis, c\u2019est tr\u00e8s simple\u00a0 Je privil\u00e9gie l\u2019\u00e9change direct, pour vous proposer une prestation adapt\u00e9e \u00e0 vos besoins et \u00e0 votre emploi du temps. Paiement sur place &#8211; [&hellip;]<\/p>\n","protected":false},"author":1,"featured_media":0,"parent":0,"menu_order":0,"comment_status":"closed","ping_status":"open","template":"elementor_header_footer","meta":{"postBodyCss":"","postBodyMargin":[],"postBodyPadding":[],"postBodyBackground":{"backgroundType":"classic","gradient":""},"ocean_post_layout":"","ocean_both_sidebars_style":"","ocean_both_sidebars_content_width":0,"ocean_both_sidebars_sidebars_width":0,"ocean_sidebar":"","ocean_second_sidebar":"","ocean_disable_margins":"enable","ocean_add_body_class":"","ocean_shortcode_before_top_bar":"","ocean_shortcode_after_top_bar":"","ocean_shortcode_before_header":"","ocean_shortcode_after_header":"","ocean_has_shortcode":"","ocean_shortcode_after_title":"","ocean_shortcode_before_footer_widgets":"","ocean_shortcode_after_footer_widgets":"","ocean_shortcode_before_footer_bottom":"","ocean_shortcode_after_footer_bottom":"","ocean_display_top_bar":"default","ocean_display_header":"default","ocean_header_style":"","ocean_center_header_left_menu":"","ocean_custom_header_template":"","ocean_custom_logo":0,"ocean_custom_retina_logo":0,"ocean_custom_logo_max_width":0,"ocean_custom_logo_tablet_max_width":0,"ocean_custom_logo_mobile_max_width":0,"ocean_custom_logo_max_height":0,"ocean_custom_logo_tablet_max_height":0,"ocean_custom_logo_mobile_max_height":0,"ocean_header_custom_menu":"","ocean_menu_typo_font_family":"","ocean_menu_typo_font_subset":"","ocean_menu_typo_font_size":0,"ocean_menu_typo_font_size_tablet":0,"ocean_menu_typo_font_size_mobile":0,"ocean_menu_typo_font_size_unit":"px","ocean_menu_typo_font_weight":"","ocean_menu_typo_font_weight_tablet":"","ocean_menu_typo_font_weight_mobile":"","ocean_menu_typo_transform":"","ocean_menu_typo_transform_tablet":"","ocean_menu_typo_transform_mobile":"","ocean_menu_typo_line_height":0,"ocean_menu_typo_line_height_tablet":0,"ocean_menu_typo_line_height_mobile":0,"ocean_menu_typo_line_height_unit":"","ocean_menu_typo_spacing":0,"ocean_menu_typo_spacing_tablet":0,"ocean_menu_typo_spacing_mobile":0,"ocean_menu_typo_spacing_unit":"","ocean_menu_link_color":"","ocean_menu_link_color_hover":"","ocean_menu_link_color_active":"","ocean_menu_link_background":"","ocean_menu_link_hover_background":"","ocean_menu_link_active_background":"","ocean_menu_social_links_bg":"","ocean_menu_social_hover_links_bg":"","ocean_menu_social_links_color":"","ocean_menu_social_hover_links_color":"","ocean_disable_title":"on","ocean_disable_heading":"default","ocean_post_title":"","ocean_post_subheading":"","ocean_post_title_style":"","ocean_post_title_background_color":"","ocean_post_title_background":0,"ocean_post_title_bg_image_position":"","ocean_post_title_bg_image_attachment":"","ocean_post_title_bg_image_repeat":"","ocean_post_title_bg_image_size":"","ocean_post_title_height":0,"ocean_post_title_bg_overlay":0.5,"ocean_post_title_bg_overlay_color":"","ocean_disable_breadcrumbs":"default","ocean_breadcrumbs_color":"","ocean_breadcrumbs_separator_color":"","ocean_breadcrumbs_links_color":"","ocean_breadcrumbs_links_hover_color":"","ocean_display_footer_widgets":"default","ocean_display_footer_bottom":"default","ocean_custom_footer_template":"","footnotes":""},"class_list":["post-43","page","type-page","status-publish","hentry","entry"],"yoast_head":"<!-- This site is optimized with the Yoast SEO plugin v27.3 - https:\/\/yoast.com\/product\/yoast-seo-wordpress\/ -->\n<title>Le Temple Aur\u00e9lie - M\u00e9decine Traditionnelle Chinoise - Bordeaux<\/title>\n<meta name=\"description\" content=\"Aur\u00e9lie, praticienne en m\u00e9decine traditionnelle chinoise \u00e0 Bordeaux : Tuina, drainage, auriculoth\u00e9rapie et ventouses.\" \/>\n<meta name=\"robots\" content=\"noindex, follow\" \/>\n<meta property=\"og:locale\" content=\"fr_FR\" \/>\n<meta property=\"og:type\" content=\"article\" \/>\n<meta property=\"og:title\" content=\"Le Temple Aur\u00e9lie - M\u00e9decine Traditionnelle Chinoise - Bordeaux\" \/>\n<meta property=\"og:description\" content=\"Aur\u00e9lie, praticienne en m\u00e9decine traditionnelle chinoise \u00e0 Bordeaux : Tuina, drainage, auriculoth\u00e9rapie et ventouses.\" \/>\n<meta property=\"og:url\" content=\"https:\/\/letempleaurelie.fr\/LeTempledAurelie\/prendre-un-rdv\/\" \/>\n<meta property=\"og:site_name\" content=\"Le Temple Aur\u00e9lie\" \/>\n<meta property=\"article:publisher\" content=\"https:\/\/www.facebook.com\/p\/Le-temple-dAurelie-61574210465277\/\" \/>\n<meta property=\"article:modified_time\" content=\"2026-01-19T13:30:43+00:00\" \/>\n<meta property=\"og:image\" content=\"https:\/\/letempleaurelie.fr\/LeTempledAurelie\/wp-content\/uploads\/2025\/08\/Tarifs-2025-4-e1755540009833_lwsoptimized.webp\" \/>\n\t<meta property=\"og:image:width\" content=\"827\" \/>\n\t<meta property=\"og:image:height\" content=\"1027\" \/>\n\t<meta property=\"og:image:type\" content=\"image\/webp\" \/>\n<meta name=\"twitter:card\" content=\"summary_large_image\" \/>\n<meta name=\"twitter:label1\" content=\"Dur\u00e9e de lecture estim\u00e9e\" \/>\n\t<meta name=\"twitter:data1\" content=\"12 minutes\" \/>\n<script type=\"application\/ld+json\" class=\"yoast-schema-graph\">{\"@context\":\"https:\\\/\\\/schema.org\",\"@graph\":[{\"@type\":\"WebPage\",\"@id\":\"https:\\\/\\\/letempleaurelie.fr\\\/LeTempledAurelie\\\/prendre-un-rdv\\\/\",\"url\":\"https:\\\/\\\/letempleaurelie.fr\\\/LeTempledAurelie\\\/prendre-un-rdv\\\/\",\"name\":\"Le Temple Aur\u00e9lie - M\u00e9decine Traditionnelle Chinoise - Bordeaux\",\"isPartOf\":{\"@id\":\"https:\\\/\\\/letempleaurelie.fr\\\/LeTempledAurelie\\\/#website\"},\"datePublished\":\"2025-08-10T17:50:33+00:00\",\"dateModified\":\"2026-01-19T13:30:43+00:00\",\"description\":\"Aur\u00e9lie, praticienne en m\u00e9decine traditionnelle chinoise \u00e0 Bordeaux : Tuina, drainage, auriculoth\u00e9rapie et ventouses.\",\"breadcrumb\":{\"@id\":\"https:\\\/\\\/letempleaurelie.fr\\\/LeTempledAurelie\\\/prendre-un-rdv\\\/#breadcrumb\"},\"inLanguage\":\"fr-FR\",\"potentialAction\":[{\"@type\":\"ReadAction\",\"target\":[\"https:\\\/\\\/letempleaurelie.fr\\\/LeTempledAurelie\\\/prendre-un-rdv\\\/\"]}]},{\"@type\":\"BreadcrumbList\",\"@id\":\"https:\\\/\\\/letempleaurelie.fr\\\/LeTempledAurelie\\\/prendre-un-rdv\\\/#breadcrumb\",\"itemListElement\":[{\"@type\":\"ListItem\",\"position\":1,\"name\":\"Home\",\"item\":\"https:\\\/\\\/letempleaurelie.fr\\\/LeTempledAurelie\\\/\"},{\"@type\":\"ListItem\",\"position\":2,\"name\":\"Prendre un RDV\"}]},{\"@type\":\"WebSite\",\"@id\":\"https:\\\/\\\/letempleaurelie.fr\\\/LeTempledAurelie\\\/#website\",\"url\":\"https:\\\/\\\/letempleaurelie.fr\\\/LeTempledAurelie\\\/\",\"name\":\"Le Temple d'Aur\u00e9lie\",\"description\":\"M\u00e9decine Traditionnelle chinoise - presation \u00e0 domicile sur bordeaux\",\"publisher\":{\"@id\":\"https:\\\/\\\/letempleaurelie.fr\\\/LeTempledAurelie\\\/#organization\"},\"potentialAction\":[{\"@type\":\"SearchAction\",\"target\":{\"@type\":\"EntryPoint\",\"urlTemplate\":\"https:\\\/\\\/letempleaurelie.fr\\\/LeTempledAurelie\\\/?s={search_term_string}\"},\"query-input\":{\"@type\":\"PropertyValueSpecification\",\"valueRequired\":true,\"valueName\":\"search_term_string\"}}],\"inLanguage\":\"fr-FR\"},{\"@type\":\"Organization\",\"@id\":\"https:\\\/\\\/letempleaurelie.fr\\\/LeTempledAurelie\\\/#organization\",\"name\":\"Le Temple d'Aur\u00e9lie\",\"url\":\"https:\\\/\\\/letempleaurelie.fr\\\/LeTempledAurelie\\\/\",\"logo\":{\"@type\":\"ImageObject\",\"inLanguage\":\"fr-FR\",\"@id\":\"https:\\\/\\\/letempleaurelie.fr\\\/LeTempledAurelie\\\/#\\\/schema\\\/logo\\\/image\\\/\",\"url\":\"https:\\\/\\\/letempleaurelie.fr\\\/LeTempledAurelie\\\/wp-content\\\/uploads\\\/2025\\\/08\\\/cropped-Tarifs-2025-4-e1755540009833_lwsoptimized.webp\",\"contentUrl\":\"https:\\\/\\\/letempleaurelie.fr\\\/LeTempledAurelie\\\/wp-content\\\/uploads\\\/2025\\\/08\\\/cropped-Tarifs-2025-4-e1755540009833_lwsoptimized.webp\",\"width\":826,\"height\":996,\"caption\":\"Le Temple d'Aur\u00e9lie\"},\"image\":{\"@id\":\"https:\\\/\\\/letempleaurelie.fr\\\/LeTempledAurelie\\\/#\\\/schema\\\/logo\\\/image\\\/\"},\"sameAs\":[\"https:\\\/\\\/www.facebook.com\\\/p\\\/Le-temple-dAurelie-61574210465277\\\/\",\"https:\\\/\\\/www.instagram.com\\\/Le-temple-dAurelie\"]}]}<\/script>\n<!-- \/ Yoast SEO plugin. -->","yoast_head_json":{"title":"Le Temple Aur\u00e9lie - M\u00e9decine Traditionnelle Chinoise - Bordeaux","description":"Aur\u00e9lie, praticienne en m\u00e9decine traditionnelle chinoise \u00e0 Bordeaux : Tuina, drainage, auriculoth\u00e9rapie et ventouses.","robots":{"index":"noindex","follow":"follow"},"og_locale":"fr_FR","og_type":"article","og_title":"Le Temple Aur\u00e9lie - M\u00e9decine Traditionnelle Chinoise - Bordeaux","og_description":"Aur\u00e9lie, praticienne en m\u00e9decine traditionnelle chinoise \u00e0 Bordeaux : Tuina, drainage, auriculoth\u00e9rapie et ventouses.","og_url":"https:\/\/letempleaurelie.fr\/LeTempledAurelie\/prendre-un-rdv\/","og_site_name":"Le Temple Aur\u00e9lie","article_publisher":"https:\/\/www.facebook.com\/p\/Le-temple-dAurelie-61574210465277\/","article_modified_time":"2026-01-19T13:30:43+00:00","og_image":[{"width":827,"height":1027,"url":"https:\/\/letempleaurelie.fr\/LeTempledAurelie\/wp-content\/uploads\/2025\/08\/Tarifs-2025-4-e1755540009833_lwsoptimized.webp","type":"image\/webp"}],"twitter_card":"summary_large_image","twitter_misc":{"Dur\u00e9e de lecture estim\u00e9e":"12 minutes"},"schema":{"@context":"https:\/\/schema.org","@graph":[{"@type":"WebPage","@id":"https:\/\/letempleaurelie.fr\/LeTempledAurelie\/prendre-un-rdv\/","url":"https:\/\/letempleaurelie.fr\/LeTempledAurelie\/prendre-un-rdv\/","name":"Le Temple Aur\u00e9lie - M\u00e9decine Traditionnelle Chinoise - Bordeaux","isPartOf":{"@id":"https:\/\/letempleaurelie.fr\/LeTempledAurelie\/#website"},"datePublished":"2025-08-10T17:50:33+00:00","dateModified":"2026-01-19T13:30:43+00:00","description":"Aur\u00e9lie, praticienne en m\u00e9decine traditionnelle chinoise \u00e0 Bordeaux : Tuina, drainage, auriculoth\u00e9rapie et ventouses.","breadcrumb":{"@id":"https:\/\/letempleaurelie.fr\/LeTempledAurelie\/prendre-un-rdv\/#breadcrumb"},"inLanguage":"fr-FR","potentialAction":[{"@type":"ReadAction","target":["https:\/\/letempleaurelie.fr\/LeTempledAurelie\/prendre-un-rdv\/"]}]},{"@type":"BreadcrumbList","@id":"https:\/\/letempleaurelie.fr\/LeTempledAurelie\/prendre-un-rdv\/#breadcrumb","itemListElement":[{"@type":"ListItem","position":1,"name":"Home","item":"https:\/\/letempleaurelie.fr\/LeTempledAurelie\/"},{"@type":"ListItem","position":2,"name":"Prendre un RDV"}]},{"@type":"WebSite","@id":"https:\/\/letempleaurelie.fr\/LeTempledAurelie\/#website","url":"https:\/\/letempleaurelie.fr\/LeTempledAurelie\/","name":"Le Temple d'Aur\u00e9lie","description":"M\u00e9decine Traditionnelle chinoise - presation \u00e0 domicile sur bordeaux","publisher":{"@id":"https:\/\/letempleaurelie.fr\/LeTempledAurelie\/#organization"},"potentialAction":[{"@type":"SearchAction","target":{"@type":"EntryPoint","urlTemplate":"https:\/\/letempleaurelie.fr\/LeTempledAurelie\/?s={search_term_string}"},"query-input":{"@type":"PropertyValueSpecification","valueRequired":true,"valueName":"search_term_string"}}],"inLanguage":"fr-FR"},{"@type":"Organization","@id":"https:\/\/letempleaurelie.fr\/LeTempledAurelie\/#organization","name":"Le Temple d'Aur\u00e9lie","url":"https:\/\/letempleaurelie.fr\/LeTempledAurelie\/","logo":{"@type":"ImageObject","inLanguage":"fr-FR","@id":"https:\/\/letempleaurelie.fr\/LeTempledAurelie\/#\/schema\/logo\/image\/","url":"https:\/\/letempleaurelie.fr\/LeTempledAurelie\/wp-content\/uploads\/2025\/08\/cropped-Tarifs-2025-4-e1755540009833_lwsoptimized.webp","contentUrl":"https:\/\/letempleaurelie.fr\/LeTempledAurelie\/wp-content\/uploads\/2025\/08\/cropped-Tarifs-2025-4-e1755540009833_lwsoptimized.webp","width":826,"height":996,"caption":"Le Temple d'Aur\u00e9lie"},"image":{"@id":"https:\/\/letempleaurelie.fr\/LeTempledAurelie\/#\/schema\/logo\/image\/"},"sameAs":["https:\/\/www.facebook.com\/p\/Le-temple-dAurelie-61574210465277\/","https:\/\/www.instagram.com\/Le-temple-dAurelie"]}]}},"_links":{"self":[{"href":"https:\/\/letempleaurelie.fr\/LeTempledAurelie\/wp-json\/wp\/v2\/pages\/43","targetHints":{"allow":["GET"]}}],"collection":[{"href":"https:\/\/letempleaurelie.fr\/LeTempledAurelie\/wp-json\/wp\/v2\/pages"}],"about":[{"href":"https:\/\/letempleaurelie.fr\/LeTempledAurelie\/wp-json\/wp\/v2\/types\/page"}],"author":[{"embeddable":true,"href":"https:\/\/letempleaurelie.fr\/LeTempledAurelie\/wp-json\/wp\/v2\/users\/1"}],"replies":[{"embeddable":true,"href":"https:\/\/letempleaurelie.fr\/LeTempledAurelie\/wp-json\/wp\/v2\/comments?post=43"}],"version-history":[{"count":0,"href":"https:\/\/letempleaurelie.fr\/LeTempledAurelie\/wp-json\/wp\/v2\/pages\/43\/revisions"}],"wp:attachment":[{"href":"https:\/\/letempleaurelie.fr\/LeTempledAurelie\/wp-json\/wp\/v2\/media?parent=43"}],"curies":[{"name":"wp","href":"https:\/\/api.w.org\/{rel}","templated":true}]}}