{"id":41,"date":"2025-08-10T19:50:12","date_gmt":"2025-08-10T17:50:12","guid":{"rendered":"https:\/\/letempleaurelie.fr\/LeTempledAurelie\/?page_id=41"},"modified":"2026-01-14T17:49:35","modified_gmt":"2026-01-14T16:49:35","slug":"horaire","status":"publish","type":"page","link":"https:\/\/letempleaurelie.fr\/LeTempledAurelie\/horaire\/","title":{"rendered":"Horaire et Tarifs"},"content":{"rendered":"\t\t<div data-elementor-type=\"wp-page\" data-elementor-id=\"41\" class=\"elementor elementor-41\">\n\t\t\t\t<div class=\"elementor-element elementor-element-17af3c2 e-flex e-con-boxed e-con e-parent\" data-id=\"17af3c2\" data-element_type=\"container\" data-e-type=\"container\">\n\t\t\t\t\t<div class=\"e-con-inner\">\n\t\t<div class=\"elementor-element elementor-element-6c1a950 e-con-full e-flex e-con e-child\" data-id=\"6c1a950\" data-element_type=\"container\" data-e-type=\"container\">\n\t\t\t\t<div class=\"elementor-element elementor-element-f3d2a01 elementor-widget elementor-widget-heading\" data-id=\"f3d2a01\" data-element_type=\"widget\" data-e-type=\"widget\" data-widget_type=\"heading.default\">\n\t\t\t\t\t<h2 class=\"elementor-heading-title elementor-size-default\">Horaire de consultation<\/h2>\t\t\t\t<\/div>\n\t\t\t\t<div class=\"elementor-element elementor-element-b95fd52 elementor-widget elementor-widget-text-editor\" data-id=\"b95fd52\" data-element_type=\"widget\" data-e-type=\"widget\" data-widget_type=\"text-editor.default\">\n\t\t\t\t\t\t\t\t\t<p>Je vous accueille en cabinet les<span style=\"color: #d4a5a5;\"> mardis et jeudis<\/span> tout pr\u00e8s du <span style=\"color: #d4a5a5;\"><strong>Golfs Bordelais<\/strong> \u00e0\u00a0<span style=\"text-decoration: underline;\">partir de janvier 2026<\/span> au <strong>17 All\u00e9e Arago, 33200 BORDEAUX<\/strong> ou \u00e0 <strong>domicile<\/strong> <\/span>selon vos disponibilit\u00e9s pour des soins personnalis\u00e9s et adapt\u00e9s \u00e0 votre bien-\u00eatre.<\/p>\t\t\t\t\t\t\t\t<\/div>\n\t\t\t\t<div class=\"elementor-element elementor-element-1b5ef01 elementor-align-center elementor-widget elementor-widget-button\" data-id=\"1b5ef01\" data-element_type=\"widget\" data-e-type=\"widget\" id=\"os_trigger_booking\" data-widget_type=\"button.default\">\n\t\t\t\t\t\t\t\t\t\t<a class=\"elementor-button elementor-button-link elementor-size-sm\" href=\"https:\/\/letempleaurelie.fr\/LeTempledAurelie\/prendre-un-rdv\/\">\n\t\t\t\t\t\t<span class=\"elementor-button-content-wrapper\">\n\t\t\t\t\t\t\t\t\t<span class=\"elementor-button-text\">Je r\u00e9serve ma s\u00e9ance<\/span>\n\t\t\t\t\t<\/span>\n\t\t\t\t\t<\/a>\n\t\t\t\t\t\t\t\t<\/div>\n\t\t\t\t<\/div>\n\t\t<div class=\"elementor-element elementor-element-98605bc e-con-full e-flex e-con e-child\" data-id=\"98605bc\" data-element_type=\"container\" data-e-type=\"container\">\n\t\t\t\t<div class=\"elementor-element elementor-element-84fe314 elementor-widget elementor-widget-image\" data-id=\"84fe314\" data-element_type=\"widget\" data-e-type=\"widget\" data-widget_type=\"image.default\">\n\t\t\t\t\t\t\t\t\t\t\t\t\t\t\t<img fetchpriority=\"high\" width=\"768\" height=\"960\"  class=\"attachment-medium_large size-medium_large wp-image-1478 lws-optimize-lazyload\" alt=\"Horaires d&#039;ouverture\" srcset=\"https:\/\/letempleaurelie.fr\/LeTempledAurelie\/wp-content\/uploads\/2026\/01\/1_20260114_104226_0000-768x960.webp 768w, https:\/\/letempleaurelie.fr\/LeTempledAurelie\/wp-content\/uploads\/2026\/01\/1_20260114_104226_0000-240x300.webp 240w, https:\/\/letempleaurelie.fr\/LeTempledAurelie\/wp-content\/uploads\/2026\/01\/1_20260114_104226_0000-819x1024.webp 819w, https:\/\/letempleaurelie.fr\/LeTempledAurelie\/wp-content\/uploads\/2026\/01\/1_20260114_104226_0000.webp 1080w\" sizes=\"(max-width: 768px) 100vw, 768px\" \/ data-src=\"https:\/\/letempleaurelie.fr\/LeTempledAurelie\/wp-content\/uploads\/2026\/01\/1_20260114_104226_0000-768x960.webp\">\t\t\t\t\t\t\t\t\t\t\t\t\t\t\t<\/div>\n\t\t\t\t<\/div>\n\t\t\t\t\t<\/div>\n\t\t\t\t<\/div>\n\t\t<div class=\"elementor-element elementor-element-964d82d e-flex e-con-boxed e-con e-parent\" data-id=\"964d82d\" data-element_type=\"container\" data-e-type=\"container\">\n\t\t\t\t\t<div class=\"e-con-inner\">\n\t\t<div class=\"elementor-element elementor-element-3fd15a3 e-con-full e-flex e-con e-child\" data-id=\"3fd15a3\" data-element_type=\"container\" data-e-type=\"container\">\n\t\t\t\t<div class=\"elementor-element elementor-element-5ea06b0 elementor-widget elementor-widget-heading\" data-id=\"5ea06b0\" data-element_type=\"widget\" data-e-type=\"widget\" data-widget_type=\"heading.default\">\n\t\t\t\t\t<h2 class=\"elementor-heading-title elementor-size-default\">Tarifs de vos soins bien-\u00eatre<\/h2>\t\t\t\t<\/div>\n\t\t\t\t<div class=\"elementor-element elementor-element-cd31555 elementor-widget elementor-widget-text-editor\" data-id=\"cd31555\" data-element_type=\"widget\" data-e-type=\"widget\" data-widget_type=\"text-editor.default\">\n\t\t\t\t\t\t\t\t\t<p>D\u00e9couvrez mes prestations de m\u00e9decine traditionnelle chinoise, adapt\u00e9es \u00e0 vos besoins et \u00e0 votre confort. Chaque s\u00e9ances est con\u00e7ue pour favoriser votre relaxation, votre \u00e9quilibre \u00e9nerg\u00e9tique et votre bien-\u00eatre global.<\/p><p><span style=\"color: #d4a5a5;\"><strong>Tous les tarifs inclus le mat\u00e9riel et le d\u00e9placement \u00e0 domicile.<\/strong><\/span><\/p><p>Pour toute question sp\u00e9cifique n&rsquo;h\u00e9sitez pas \u00e0 me contacter directement via le formulaire de contact. Je serai ravie de vous guider vers le soin le plus adapt\u00e9 \u00e0 vos besoins.<\/p>\t\t\t\t\t\t\t\t<\/div>\n\t\t\t\t<div class=\"elementor-element elementor-element-f406689 elementor-widget elementor-widget-image\" data-id=\"f406689\" data-element_type=\"widget\" data-e-type=\"widget\" data-widget_type=\"image.default\">\n\t\t\t\t\t\t\t\t\t\t\t\t\t\t\t<img width=\"1413\" height=\"1693\"  class=\"attachment-2048x2048 size-2048x2048 wp-image-1504 lws-optimize-lazyload\" alt=\"Tarif 2026\" srcset=\"https:\/\/letempleaurelie.fr\/LeTempledAurelie\/wp-content\/uploads\/2026\/01\/Tarifs-2025_20260114_174734_0000-e1768409357937.webp 1413w, https:\/\/letempleaurelie.fr\/LeTempledAurelie\/wp-content\/uploads\/2026\/01\/Tarifs-2025_20260114_174734_0000-e1768409357937-250x300.webp 250w, https:\/\/letempleaurelie.fr\/LeTempledAurelie\/wp-content\/uploads\/2026\/01\/Tarifs-2025_20260114_174734_0000-e1768409357937-855x1024.webp 855w, https:\/\/letempleaurelie.fr\/LeTempledAurelie\/wp-content\/uploads\/2026\/01\/Tarifs-2025_20260114_174734_0000-e1768409357937-768x920.webp 768w, https:\/\/letempleaurelie.fr\/LeTempledAurelie\/wp-content\/uploads\/2026\/01\/Tarifs-2025_20260114_174734_0000-e1768409357937-1282x1536.webp 1282w\" sizes=\"(max-width: 1413px) 100vw, 1413px\" \/ data-src=\"https:\/\/letempleaurelie.fr\/LeTempledAurelie\/wp-content\/uploads\/2026\/01\/Tarifs-2025_20260114_174734_0000-e1768409357937.webp\">\t\t\t\t\t\t\t\t\t\t\t\t\t\t\t<\/div>\n\t\t\t\t<\/div>\n\t\t\t\t\t<\/div>\n\t\t\t\t<\/div>\n\t\t\t\t<\/div>\n\t\t\n    <div class=\"xs_social_share_widget xs_share_url after_content \t\tmain_content  wslu-style-1 wslu-share-box-shaped wslu-fill-colored wslu-none wslu-share-horizontal wslu-theme-font-no wslu-main_content\">\n\n\t\t\n        <ul>\n\t\t\t        <\/ul>\n    <\/div> \n","protected":false},"excerpt":{"rendered":"<p>Horaire de consultation Je vous accueille en cabinet les mardis et jeudis tout pr\u00e8s du Golfs Bordelais \u00e0\u00a0partir de janvier 2026 au 17 All\u00e9e Arago, 33200 BORDEAUX ou \u00e0 domicile selon vos disponibilit\u00e9s pour des soins personnalis\u00e9s et adapt\u00e9s \u00e0 votre bien-\u00eatre. Je r\u00e9serve ma s\u00e9ance Tarifs de vos soins bien-\u00eatre D\u00e9couvrez mes prestations de [&hellip;]<\/p>\n","protected":false},"author":1,"featured_media":0,"parent":0,"menu_order":0,"comment_status":"closed","ping_status":"open","template":"","meta":{"postBodyCss":"","postBodyMargin":[],"postBodyPadding":[],"postBodyBackground":{"backgroundType":"classic","gradient":""},"ocean_post_layout":"","ocean_both_sidebars_style":"","ocean_both_sidebars_content_width":0,"ocean_both_sidebars_sidebars_width":0,"ocean_sidebar":"","ocean_second_sidebar":"","ocean_disable_margins":"enable","ocean_add_body_class":"","ocean_shortcode_before_top_bar":"","ocean_shortcode_after_top_bar":"","ocean_shortcode_before_header":"","ocean_shortcode_after_header":"","ocean_has_shortcode":"","ocean_shortcode_after_title":"","ocean_shortcode_before_footer_widgets":"","ocean_shortcode_after_footer_widgets":"","ocean_shortcode_before_footer_bottom":"","ocean_shortcode_after_footer_bottom":"","ocean_display_top_bar":"default","ocean_display_header":"default","ocean_header_style":"","ocean_center_header_left_menu":"","ocean_custom_header_template":"","ocean_custom_logo":0,"ocean_custom_retina_logo":0,"ocean_custom_logo_max_width":0,"ocean_custom_logo_tablet_max_width":0,"ocean_custom_logo_mobile_max_width":0,"ocean_custom_logo_max_height":0,"ocean_custom_logo_tablet_max_height":0,"ocean_custom_logo_mobile_max_height":0,"ocean_header_custom_menu":"","ocean_menu_typo_font_family":"","ocean_menu_typo_font_subset":"","ocean_menu_typo_font_size":0,"ocean_menu_typo_font_size_tablet":0,"ocean_menu_typo_font_size_mobile":0,"ocean_menu_typo_font_size_unit":"px","ocean_menu_typo_font_weight":"","ocean_menu_typo_font_weight_tablet":"","ocean_menu_typo_font_weight_mobile":"","ocean_menu_typo_transform":"","ocean_menu_typo_transform_tablet":"","ocean_menu_typo_transform_mobile":"","ocean_menu_typo_line_height":0,"ocean_menu_typo_line_height_tablet":0,"ocean_menu_typo_line_height_mobile":0,"ocean_menu_typo_line_height_unit":"","ocean_menu_typo_spacing":0,"ocean_menu_typo_spacing_tablet":0,"ocean_menu_typo_spacing_mobile":0,"ocean_menu_typo_spacing_unit":"","ocean_menu_link_color":"","ocean_menu_link_color_hover":"","ocean_menu_link_color_active":"","ocean_menu_link_background":"","ocean_menu_link_hover_background":"","ocean_menu_link_active_background":"","ocean_menu_social_links_bg":"","ocean_menu_social_hover_links_bg":"","ocean_menu_social_links_color":"","ocean_menu_social_hover_links_color":"","ocean_disable_title":"on","ocean_disable_heading":"default","ocean_post_title":"","ocean_post_subheading":"","ocean_post_title_style":"","ocean_post_title_background_color":"","ocean_post_title_background":0,"ocean_post_title_bg_image_position":"","ocean_post_title_bg_image_attachment":"","ocean_post_title_bg_image_repeat":"","ocean_post_title_bg_image_size":"","ocean_post_title_height":0,"ocean_post_title_bg_overlay":0.5,"ocean_post_title_bg_overlay_color":"","ocean_disable_breadcrumbs":"default","ocean_breadcrumbs_color":"","ocean_breadcrumbs_separator_color":"","ocean_breadcrumbs_links_color":"","ocean_breadcrumbs_links_hover_color":"","ocean_display_footer_widgets":"default","ocean_display_footer_bottom":"default","ocean_custom_footer_template":"","footnotes":""},"class_list":["post-41","page","type-page","status-publish","hentry","entry"],"yoast_head":"<!-- This site is optimized with the Yoast SEO plugin v27.3 - https:\/\/yoast.com\/product\/yoast-seo-wordpress\/ -->\n<title>Le Temple Aur\u00e9lie - M\u00e9decine Traditionnelle Chinoise \u00e0 domicile - Bordeaux<\/title>\n<meta name=\"description\" content=\"Aur\u00e9lie, praticienne en m\u00e9decine traditionnelle chinoise \u00e0 Bordeaux : Tuina, drainage, auriculoth\u00e9rapie et ventouses.\" \/>\n<meta name=\"robots\" content=\"noindex, follow\" \/>\n<meta property=\"og:locale\" content=\"fr_FR\" \/>\n<meta property=\"og:type\" content=\"article\" \/>\n<meta property=\"og:title\" content=\"Le Temple Aur\u00e9lie - M\u00e9decine Traditionnelle Chinoise \u00e0 domicile - Bordeaux\" \/>\n<meta property=\"og:description\" content=\"Aur\u00e9lie, praticienne en m\u00e9decine traditionnelle chinoise \u00e0 Bordeaux : Tuina, drainage, auriculoth\u00e9rapie et ventouses.\" \/>\n<meta property=\"og:url\" content=\"https:\/\/letempleaurelie.fr\/LeTempledAurelie\/horaire\/\" \/>\n<meta property=\"og:site_name\" content=\"Le Temple Aur\u00e9lie\" \/>\n<meta property=\"article:publisher\" content=\"https:\/\/www.facebook.com\/p\/Le-temple-dAurelie-61574210465277\/\" \/>\n<meta property=\"article:modified_time\" content=\"2026-01-14T16:49:35+00:00\" \/>\n<meta property=\"og:image\" content=\"https:\/\/letempleaurelie.fr\/LeTempledAurelie\/wp-content\/uploads\/2026\/01\/1_20260114_104226_0000.webp\" \/>\n\t<meta property=\"og:image:width\" content=\"1080\" \/>\n\t<meta property=\"og:image:height\" content=\"1350\" \/>\n\t<meta property=\"og:image:type\" content=\"image\/webp\" \/>\n<meta name=\"twitter:card\" content=\"summary_large_image\" \/>\n<meta name=\"twitter:label1\" content=\"Dur\u00e9e de lecture estim\u00e9e\" \/>\n\t<meta name=\"twitter:data1\" content=\"1 minute\" \/>\n<script type=\"application\/ld+json\" class=\"yoast-schema-graph\">{\"@context\":\"https:\\\/\\\/schema.org\",\"@graph\":[{\"@type\":\"WebPage\",\"@id\":\"https:\\\/\\\/letempleaurelie.fr\\\/LeTempledAurelie\\\/horaire\\\/\",\"url\":\"https:\\\/\\\/letempleaurelie.fr\\\/LeTempledAurelie\\\/horaire\\\/\",\"name\":\"Le Temple Aur\u00e9lie - M\u00e9decine Traditionnelle Chinoise \u00e0 domicile - Bordeaux\",\"isPartOf\":{\"@id\":\"https:\\\/\\\/letempleaurelie.fr\\\/LeTempledAurelie\\\/#website\"},\"primaryImageOfPage\":{\"@id\":\"https:\\\/\\\/letempleaurelie.fr\\\/LeTempledAurelie\\\/horaire\\\/#primaryimage\"},\"image\":{\"@id\":\"https:\\\/\\\/letempleaurelie.fr\\\/LeTempledAurelie\\\/horaire\\\/#primaryimage\"},\"thumbnailUrl\":\"https:\\\/\\\/letempleaurelie.fr\\\/LeTempledAurelie\\\/wp-content\\\/uploads\\\/2026\\\/01\\\/1_20260114_104226_0000-768x960.webp\",\"datePublished\":\"2025-08-10T17:50:12+00:00\",\"dateModified\":\"2026-01-14T16:49:35+00:00\",\"description\":\"Aur\u00e9lie, praticienne en m\u00e9decine traditionnelle chinoise \u00e0 Bordeaux : Tuina, drainage, auriculoth\u00e9rapie et ventouses.\",\"breadcrumb\":{\"@id\":\"https:\\\/\\\/letempleaurelie.fr\\\/LeTempledAurelie\\\/horaire\\\/#breadcrumb\"},\"inLanguage\":\"fr-FR\",\"potentialAction\":[{\"@type\":\"ReadAction\",\"target\":[\"https:\\\/\\\/letempleaurelie.fr\\\/LeTempledAurelie\\\/horaire\\\/\"]}]},{\"@type\":\"ImageObject\",\"inLanguage\":\"fr-FR\",\"@id\":\"https:\\\/\\\/letempleaurelie.fr\\\/LeTempledAurelie\\\/horaire\\\/#primaryimage\",\"url\":\"https:\\\/\\\/letempleaurelie.fr\\\/LeTempledAurelie\\\/wp-content\\\/uploads\\\/2026\\\/01\\\/1_20260114_104226_0000.webp\",\"contentUrl\":\"https:\\\/\\\/letempleaurelie.fr\\\/LeTempledAurelie\\\/wp-content\\\/uploads\\\/2026\\\/01\\\/1_20260114_104226_0000.webp\",\"width\":1080,\"height\":1350,\"caption\":\"Horaires d'ouverture\"},{\"@type\":\"BreadcrumbList\",\"@id\":\"https:\\\/\\\/letempleaurelie.fr\\\/LeTempledAurelie\\\/horaire\\\/#breadcrumb\",\"itemListElement\":[{\"@type\":\"ListItem\",\"position\":1,\"name\":\"Home\",\"item\":\"https:\\\/\\\/letempleaurelie.fr\\\/LeTempledAurelie\\\/\"},{\"@type\":\"ListItem\",\"position\":2,\"name\":\"Horaire et Tarifs\"}]},{\"@type\":\"WebSite\",\"@id\":\"https:\\\/\\\/letempleaurelie.fr\\\/LeTempledAurelie\\\/#website\",\"url\":\"https:\\\/\\\/letempleaurelie.fr\\\/LeTempledAurelie\\\/\",\"name\":\"Le Temple d'Aur\u00e9lie\",\"description\":\"M\u00e9decine Traditionnelle chinoise - presation \u00e0 domicile sur bordeaux\",\"publisher\":{\"@id\":\"https:\\\/\\\/letempleaurelie.fr\\\/LeTempledAurelie\\\/#organization\"},\"potentialAction\":[{\"@type\":\"SearchAction\",\"target\":{\"@type\":\"EntryPoint\",\"urlTemplate\":\"https:\\\/\\\/letempleaurelie.fr\\\/LeTempledAurelie\\\/?s={search_term_string}\"},\"query-input\":{\"@type\":\"PropertyValueSpecification\",\"valueRequired\":true,\"valueName\":\"search_term_string\"}}],\"inLanguage\":\"fr-FR\"},{\"@type\":\"Organization\",\"@id\":\"https:\\\/\\\/letempleaurelie.fr\\\/LeTempledAurelie\\\/#organization\",\"name\":\"Le Temple d'Aur\u00e9lie\",\"url\":\"https:\\\/\\\/letempleaurelie.fr\\\/LeTempledAurelie\\\/\",\"logo\":{\"@type\":\"ImageObject\",\"inLanguage\":\"fr-FR\",\"@id\":\"https:\\\/\\\/letempleaurelie.fr\\\/LeTempledAurelie\\\/#\\\/schema\\\/logo\\\/image\\\/\",\"url\":\"https:\\\/\\\/letempleaurelie.fr\\\/LeTempledAurelie\\\/wp-content\\\/uploads\\\/2025\\\/08\\\/cropped-Tarifs-2025-4-e1755540009833_lwsoptimized.webp\",\"contentUrl\":\"https:\\\/\\\/letempleaurelie.fr\\\/LeTempledAurelie\\\/wp-content\\\/uploads\\\/2025\\\/08\\\/cropped-Tarifs-2025-4-e1755540009833_lwsoptimized.webp\",\"width\":826,\"height\":996,\"caption\":\"Le Temple d'Aur\u00e9lie\"},\"image\":{\"@id\":\"https:\\\/\\\/letempleaurelie.fr\\\/LeTempledAurelie\\\/#\\\/schema\\\/logo\\\/image\\\/\"},\"sameAs\":[\"https:\\\/\\\/www.facebook.com\\\/p\\\/Le-temple-dAurelie-61574210465277\\\/\",\"https:\\\/\\\/www.instagram.com\\\/Le-temple-dAurelie\"]}]}<\/script>\n<!-- \/ Yoast SEO plugin. -->","yoast_head_json":{"title":"Le Temple Aur\u00e9lie - M\u00e9decine Traditionnelle Chinoise \u00e0 domicile - Bordeaux","description":"Aur\u00e9lie, praticienne en m\u00e9decine traditionnelle chinoise \u00e0 Bordeaux : Tuina, drainage, auriculoth\u00e9rapie et ventouses.","robots":{"index":"noindex","follow":"follow"},"og_locale":"fr_FR","og_type":"article","og_title":"Le Temple Aur\u00e9lie - M\u00e9decine Traditionnelle Chinoise \u00e0 domicile - Bordeaux","og_description":"Aur\u00e9lie, praticienne en m\u00e9decine traditionnelle chinoise \u00e0 Bordeaux : Tuina, drainage, auriculoth\u00e9rapie et ventouses.","og_url":"https:\/\/letempleaurelie.fr\/LeTempledAurelie\/horaire\/","og_site_name":"Le Temple Aur\u00e9lie","article_publisher":"https:\/\/www.facebook.com\/p\/Le-temple-dAurelie-61574210465277\/","article_modified_time":"2026-01-14T16:49:35+00:00","og_image":[{"width":1080,"height":1350,"url":"https:\/\/letempleaurelie.fr\/LeTempledAurelie\/wp-content\/uploads\/2026\/01\/1_20260114_104226_0000.webp","type":"image\/webp"}],"twitter_card":"summary_large_image","twitter_misc":{"Dur\u00e9e de lecture estim\u00e9e":"1 minute"},"schema":{"@context":"https:\/\/schema.org","@graph":[{"@type":"WebPage","@id":"https:\/\/letempleaurelie.fr\/LeTempledAurelie\/horaire\/","url":"https:\/\/letempleaurelie.fr\/LeTempledAurelie\/horaire\/","name":"Le Temple Aur\u00e9lie - M\u00e9decine Traditionnelle Chinoise \u00e0 domicile - Bordeaux","isPartOf":{"@id":"https:\/\/letempleaurelie.fr\/LeTempledAurelie\/#website"},"primaryImageOfPage":{"@id":"https:\/\/letempleaurelie.fr\/LeTempledAurelie\/horaire\/#primaryimage"},"image":{"@id":"https:\/\/letempleaurelie.fr\/LeTempledAurelie\/horaire\/#primaryimage"},"thumbnailUrl":"https:\/\/letempleaurelie.fr\/LeTempledAurelie\/wp-content\/uploads\/2026\/01\/1_20260114_104226_0000-768x960.webp","datePublished":"2025-08-10T17:50:12+00:00","dateModified":"2026-01-14T16:49:35+00:00","description":"Aur\u00e9lie, praticienne en m\u00e9decine traditionnelle chinoise \u00e0 Bordeaux : Tuina, drainage, auriculoth\u00e9rapie et ventouses.","breadcrumb":{"@id":"https:\/\/letempleaurelie.fr\/LeTempledAurelie\/horaire\/#breadcrumb"},"inLanguage":"fr-FR","potentialAction":[{"@type":"ReadAction","target":["https:\/\/letempleaurelie.fr\/LeTempledAurelie\/horaire\/"]}]},{"@type":"ImageObject","inLanguage":"fr-FR","@id":"https:\/\/letempleaurelie.fr\/LeTempledAurelie\/horaire\/#primaryimage","url":"https:\/\/letempleaurelie.fr\/LeTempledAurelie\/wp-content\/uploads\/2026\/01\/1_20260114_104226_0000.webp","contentUrl":"https:\/\/letempleaurelie.fr\/LeTempledAurelie\/wp-content\/uploads\/2026\/01\/1_20260114_104226_0000.webp","width":1080,"height":1350,"caption":"Horaires d'ouverture"},{"@type":"BreadcrumbList","@id":"https:\/\/letempleaurelie.fr\/LeTempledAurelie\/horaire\/#breadcrumb","itemListElement":[{"@type":"ListItem","position":1,"name":"Home","item":"https:\/\/letempleaurelie.fr\/LeTempledAurelie\/"},{"@type":"ListItem","position":2,"name":"Horaire et Tarifs"}]},{"@type":"WebSite","@id":"https:\/\/letempleaurelie.fr\/LeTempledAurelie\/#website","url":"https:\/\/letempleaurelie.fr\/LeTempledAurelie\/","name":"Le Temple d'Aur\u00e9lie","description":"M\u00e9decine Traditionnelle chinoise - presation \u00e0 domicile sur bordeaux","publisher":{"@id":"https:\/\/letempleaurelie.fr\/LeTempledAurelie\/#organization"},"potentialAction":[{"@type":"SearchAction","target":{"@type":"EntryPoint","urlTemplate":"https:\/\/letempleaurelie.fr\/LeTempledAurelie\/?s={search_term_string}"},"query-input":{"@type":"PropertyValueSpecification","valueRequired":true,"valueName":"search_term_string"}}],"inLanguage":"fr-FR"},{"@type":"Organization","@id":"https:\/\/letempleaurelie.fr\/LeTempledAurelie\/#organization","name":"Le Temple d'Aur\u00e9lie","url":"https:\/\/letempleaurelie.fr\/LeTempledAurelie\/","logo":{"@type":"ImageObject","inLanguage":"fr-FR","@id":"https:\/\/letempleaurelie.fr\/LeTempledAurelie\/#\/schema\/logo\/image\/","url":"https:\/\/letempleaurelie.fr\/LeTempledAurelie\/wp-content\/uploads\/2025\/08\/cropped-Tarifs-2025-4-e1755540009833_lwsoptimized.webp","contentUrl":"https:\/\/letempleaurelie.fr\/LeTempledAurelie\/wp-content\/uploads\/2025\/08\/cropped-Tarifs-2025-4-e1755540009833_lwsoptimized.webp","width":826,"height":996,"caption":"Le Temple d'Aur\u00e9lie"},"image":{"@id":"https:\/\/letempleaurelie.fr\/LeTempledAurelie\/#\/schema\/logo\/image\/"},"sameAs":["https:\/\/www.facebook.com\/p\/Le-temple-dAurelie-61574210465277\/","https:\/\/www.instagram.com\/Le-temple-dAurelie"]}]}},"_links":{"self":[{"href":"https:\/\/letempleaurelie.fr\/LeTempledAurelie\/wp-json\/wp\/v2\/pages\/41","targetHints":{"allow":["GET"]}}],"collection":[{"href":"https:\/\/letempleaurelie.fr\/LeTempledAurelie\/wp-json\/wp\/v2\/pages"}],"about":[{"href":"https:\/\/letempleaurelie.fr\/LeTempledAurelie\/wp-json\/wp\/v2\/types\/page"}],"author":[{"embeddable":true,"href":"https:\/\/letempleaurelie.fr\/LeTempledAurelie\/wp-json\/wp\/v2\/users\/1"}],"replies":[{"embeddable":true,"href":"https:\/\/letempleaurelie.fr\/LeTempledAurelie\/wp-json\/wp\/v2\/comments?post=41"}],"version-history":[{"count":0,"href":"https:\/\/letempleaurelie.fr\/LeTempledAurelie\/wp-json\/wp\/v2\/pages\/41\/revisions"}],"wp:attachment":[{"href":"https:\/\/letempleaurelie.fr\/LeTempledAurelie\/wp-json\/wp\/v2\/media?parent=41"}],"curies":[{"name":"wp","href":"https:\/\/api.w.org\/{rel}","templated":true}]}}