{"id":39,"date":"2025-08-10T19:49:48","date_gmt":"2025-08-10T17:49:48","guid":{"rendered":"https:\/\/letempleaurelie.fr\/LeTempledAurelie\/?page_id=39"},"modified":"2025-12-15T18:25:35","modified_gmt":"2025-12-15T17:25:35","slug":"toute-vos-questions","status":"publish","type":"page","link":"https:\/\/letempleaurelie.fr\/LeTempledAurelie\/toute-vos-questions\/","title":{"rendered":"Infos pratiques"},"content":{"rendered":"\n    <div class=\"xs_social_share_widget xs_share_url after_content \t\tmain_content  wslu-style-1 wslu-share-box-shaped wslu-fill-colored wslu-none wslu-share-horizontal wslu-theme-font-no wslu-main_content\">\n\n\t\t\n        <ul>\n\t\t\t        <\/ul>\n    <\/div> \n","protected":false},"excerpt":{"rendered":"","protected":false},"author":1,"featured_media":0,"parent":0,"menu_order":0,"comment_status":"closed","ping_status":"open","template":"","meta":{"postBodyCss":"","postBodyMargin":[],"postBodyPadding":[],"postBodyBackground":{"backgroundType":"classic","gradient":""},"ocean_post_layout":"","ocean_both_sidebars_style":"","ocean_both_sidebars_content_width":0,"ocean_both_sidebars_sidebars_width":0,"ocean_sidebar":"","ocean_second_sidebar":"","ocean_disable_margins":"enable","ocean_add_body_class":"","ocean_shortcode_before_top_bar":"","ocean_shortcode_after_top_bar":"","ocean_shortcode_before_header":"","ocean_shortcode_after_header":"","ocean_has_shortcode":"","ocean_shortcode_after_title":"","ocean_shortcode_before_footer_widgets":"","ocean_shortcode_after_footer_widgets":"","ocean_shortcode_before_footer_bottom":"","ocean_shortcode_after_footer_bottom":"","ocean_display_top_bar":"default","ocean_display_header":"default","ocean_header_style":"","ocean_center_header_left_menu":"","ocean_custom_header_template":"","ocean_custom_logo":0,"ocean_custom_retina_logo":0,"ocean_custom_logo_max_width":0,"ocean_custom_logo_tablet_max_width":0,"ocean_custom_logo_mobile_max_width":0,"ocean_custom_logo_max_height":0,"ocean_custom_logo_tablet_max_height":0,"ocean_custom_logo_mobile_max_height":0,"ocean_header_custom_menu":"","ocean_menu_typo_font_family":"","ocean_menu_typo_font_subset":"","ocean_menu_typo_font_size":0,"ocean_menu_typo_font_size_tablet":0,"ocean_menu_typo_font_size_mobile":0,"ocean_menu_typo_font_size_unit":"px","ocean_menu_typo_font_weight":"","ocean_menu_typo_font_weight_tablet":"","ocean_menu_typo_font_weight_mobile":"","ocean_menu_typo_transform":"","ocean_menu_typo_transform_tablet":"","ocean_menu_typo_transform_mobile":"","ocean_menu_typo_line_height":0,"ocean_menu_typo_line_height_tablet":0,"ocean_menu_typo_line_height_mobile":0,"ocean_menu_typo_line_height_unit":"","ocean_menu_typo_spacing":0,"ocean_menu_typo_spacing_tablet":0,"ocean_menu_typo_spacing_mobile":0,"ocean_menu_typo_spacing_unit":"","ocean_menu_link_color":"","ocean_menu_link_color_hover":"","ocean_menu_link_color_active":"","ocean_menu_link_background":"","ocean_menu_link_hover_background":"","ocean_menu_link_active_background":"","ocean_menu_social_links_bg":"","ocean_menu_social_hover_links_bg":"","ocean_menu_social_links_color":"","ocean_menu_social_hover_links_color":"","ocean_disable_title":"default","ocean_disable_heading":"default","ocean_post_title":"","ocean_post_subheading":"","ocean_post_title_style":"","ocean_post_title_background_color":"","ocean_post_title_background":0,"ocean_post_title_bg_image_position":"","ocean_post_title_bg_image_attachment":"","ocean_post_title_bg_image_repeat":"","ocean_post_title_bg_image_size":"","ocean_post_title_height":0,"ocean_post_title_bg_overlay":0.5,"ocean_post_title_bg_overlay_color":"","ocean_disable_breadcrumbs":"default","ocean_breadcrumbs_color":"","ocean_breadcrumbs_separator_color":"","ocean_breadcrumbs_links_color":"","ocean_breadcrumbs_links_hover_color":"","ocean_display_footer_widgets":"default","ocean_display_footer_bottom":"default","ocean_custom_footer_template":"","footnotes":""},"class_list":["post-39","page","type-page","status-publish","hentry","entry"],"yoast_head":"<!-- This site is optimized with the Yoast SEO plugin v27.3 - https:\/\/yoast.com\/product\/yoast-seo-wordpress\/ -->\n<title>Le Temple Aur\u00e9lie - M\u00e9decine Traditionnelle Chinoine - Bordeaux<\/title>\n<meta name=\"description\" content=\"Aur\u00e9lie, praticienne en m\u00e9decine traditionnelle chinoise \u00e0 Bordeaux : Tuina, drainage, auriculoth\u00e9rapie et ventouses.\" \/>\n<meta name=\"robots\" content=\"noindex, follow\" \/>\n<meta property=\"og:locale\" content=\"fr_FR\" \/>\n<meta property=\"og:type\" content=\"article\" \/>\n<meta property=\"og:title\" content=\"Le Temple Aur\u00e9lie - M\u00e9decine Traditionnelle Chinoine - Bordeaux\" \/>\n<meta property=\"og:description\" content=\"Aur\u00e9lie, praticienne en m\u00e9decine traditionnelle chinoise \u00e0 Bordeaux : Tuina, drainage, auriculoth\u00e9rapie et ventouses.\" \/>\n<meta property=\"og:url\" content=\"https:\/\/letempleaurelie.fr\/LeTempledAurelie\/toute-vos-questions\/\" \/>\n<meta property=\"og:site_name\" content=\"Le Temple Aur\u00e9lie\" \/>\n<meta property=\"article:publisher\" content=\"https:\/\/www.facebook.com\/p\/Le-temple-dAurelie-61574210465277\/\" \/>\n<meta property=\"article:modified_time\" content=\"2025-12-15T17:25:35+00:00\" \/>\n<meta property=\"og:image\" content=\"https:\/\/letempleaurelie.fr\/LeTempledAurelie\/wp-content\/uploads\/2025\/08\/Tarifs-2025-4-e1755540009833_lwsoptimized.webp\" \/>\n\t<meta property=\"og:image:width\" content=\"827\" \/>\n\t<meta property=\"og:image:height\" content=\"1027\" \/>\n\t<meta property=\"og:image:type\" content=\"image\/webp\" \/>\n<meta name=\"twitter:card\" content=\"summary_large_image\" \/>\n<script type=\"application\/ld+json\" class=\"yoast-schema-graph\">{\"@context\":\"https:\\\/\\\/schema.org\",\"@graph\":[{\"@type\":\"WebPage\",\"@id\":\"https:\\\/\\\/letempleaurelie.fr\\\/LeTempledAurelie\\\/toute-vos-questions\\\/\",\"url\":\"https:\\\/\\\/letempleaurelie.fr\\\/LeTempledAurelie\\\/toute-vos-questions\\\/\",\"name\":\"Le Temple Aur\u00e9lie - M\u00e9decine Traditionnelle Chinoine - Bordeaux\",\"isPartOf\":{\"@id\":\"https:\\\/\\\/letempleaurelie.fr\\\/LeTempledAurelie\\\/#website\"},\"datePublished\":\"2025-08-10T17:49:48+00:00\",\"dateModified\":\"2025-12-15T17:25:35+00:00\",\"description\":\"Aur\u00e9lie, praticienne en m\u00e9decine traditionnelle chinoise \u00e0 Bordeaux : Tuina, drainage, auriculoth\u00e9rapie et ventouses.\",\"breadcrumb\":{\"@id\":\"https:\\\/\\\/letempleaurelie.fr\\\/LeTempledAurelie\\\/toute-vos-questions\\\/#breadcrumb\"},\"inLanguage\":\"fr-FR\",\"potentialAction\":[{\"@type\":\"ReadAction\",\"target\":[\"https:\\\/\\\/letempleaurelie.fr\\\/LeTempledAurelie\\\/toute-vos-questions\\\/\"]}]},{\"@type\":\"BreadcrumbList\",\"@id\":\"https:\\\/\\\/letempleaurelie.fr\\\/LeTempledAurelie\\\/toute-vos-questions\\\/#breadcrumb\",\"itemListElement\":[{\"@type\":\"ListItem\",\"position\":1,\"name\":\"Home\",\"item\":\"https:\\\/\\\/letempleaurelie.fr\\\/LeTempledAurelie\\\/\"},{\"@type\":\"ListItem\",\"position\":2,\"name\":\"Infos pratiques\"}]},{\"@type\":\"WebSite\",\"@id\":\"https:\\\/\\\/letempleaurelie.fr\\\/LeTempledAurelie\\\/#website\",\"url\":\"https:\\\/\\\/letempleaurelie.fr\\\/LeTempledAurelie\\\/\",\"name\":\"Le Temple d'Aur\u00e9lie\",\"description\":\"M\u00e9decine Traditionnelle chinoise - presation \u00e0 domicile sur bordeaux\",\"publisher\":{\"@id\":\"https:\\\/\\\/letempleaurelie.fr\\\/LeTempledAurelie\\\/#organization\"},\"potentialAction\":[{\"@type\":\"SearchAction\",\"target\":{\"@type\":\"EntryPoint\",\"urlTemplate\":\"https:\\\/\\\/letempleaurelie.fr\\\/LeTempledAurelie\\\/?s={search_term_string}\"},\"query-input\":{\"@type\":\"PropertyValueSpecification\",\"valueRequired\":true,\"valueName\":\"search_term_string\"}}],\"inLanguage\":\"fr-FR\"},{\"@type\":\"Organization\",\"@id\":\"https:\\\/\\\/letempleaurelie.fr\\\/LeTempledAurelie\\\/#organization\",\"name\":\"Le Temple d'Aur\u00e9lie\",\"url\":\"https:\\\/\\\/letempleaurelie.fr\\\/LeTempledAurelie\\\/\",\"logo\":{\"@type\":\"ImageObject\",\"inLanguage\":\"fr-FR\",\"@id\":\"https:\\\/\\\/letempleaurelie.fr\\\/LeTempledAurelie\\\/#\\\/schema\\\/logo\\\/image\\\/\",\"url\":\"https:\\\/\\\/letempleaurelie.fr\\\/LeTempledAurelie\\\/wp-content\\\/uploads\\\/2025\\\/08\\\/cropped-Tarifs-2025-4-e1755540009833_lwsoptimized.webp\",\"contentUrl\":\"https:\\\/\\\/letempleaurelie.fr\\\/LeTempledAurelie\\\/wp-content\\\/uploads\\\/2025\\\/08\\\/cropped-Tarifs-2025-4-e1755540009833_lwsoptimized.webp\",\"width\":826,\"height\":996,\"caption\":\"Le Temple d'Aur\u00e9lie\"},\"image\":{\"@id\":\"https:\\\/\\\/letempleaurelie.fr\\\/LeTempledAurelie\\\/#\\\/schema\\\/logo\\\/image\\\/\"},\"sameAs\":[\"https:\\\/\\\/www.facebook.com\\\/p\\\/Le-temple-dAurelie-61574210465277\\\/\",\"https:\\\/\\\/www.instagram.com\\\/Le-temple-dAurelie\"]}]}<\/script>\n<!-- \/ Yoast SEO plugin. -->","yoast_head_json":{"title":"Le Temple Aur\u00e9lie - M\u00e9decine Traditionnelle Chinoine - Bordeaux","description":"Aur\u00e9lie, praticienne en m\u00e9decine traditionnelle chinoise \u00e0 Bordeaux : Tuina, drainage, auriculoth\u00e9rapie et ventouses.","robots":{"index":"noindex","follow":"follow"},"og_locale":"fr_FR","og_type":"article","og_title":"Le Temple Aur\u00e9lie - M\u00e9decine Traditionnelle Chinoine - Bordeaux","og_description":"Aur\u00e9lie, praticienne en m\u00e9decine traditionnelle chinoise \u00e0 Bordeaux : Tuina, drainage, auriculoth\u00e9rapie et ventouses.","og_url":"https:\/\/letempleaurelie.fr\/LeTempledAurelie\/toute-vos-questions\/","og_site_name":"Le Temple Aur\u00e9lie","article_publisher":"https:\/\/www.facebook.com\/p\/Le-temple-dAurelie-61574210465277\/","article_modified_time":"2025-12-15T17:25:35+00:00","og_image":[{"width":827,"height":1027,"url":"https:\/\/letempleaurelie.fr\/LeTempledAurelie\/wp-content\/uploads\/2025\/08\/Tarifs-2025-4-e1755540009833_lwsoptimized.webp","type":"image\/webp"}],"twitter_card":"summary_large_image","schema":{"@context":"https:\/\/schema.org","@graph":[{"@type":"WebPage","@id":"https:\/\/letempleaurelie.fr\/LeTempledAurelie\/toute-vos-questions\/","url":"https:\/\/letempleaurelie.fr\/LeTempledAurelie\/toute-vos-questions\/","name":"Le Temple Aur\u00e9lie - M\u00e9decine Traditionnelle Chinoine - Bordeaux","isPartOf":{"@id":"https:\/\/letempleaurelie.fr\/LeTempledAurelie\/#website"},"datePublished":"2025-08-10T17:49:48+00:00","dateModified":"2025-12-15T17:25:35+00:00","description":"Aur\u00e9lie, praticienne en m\u00e9decine traditionnelle chinoise \u00e0 Bordeaux : Tuina, drainage, auriculoth\u00e9rapie et ventouses.","breadcrumb":{"@id":"https:\/\/letempleaurelie.fr\/LeTempledAurelie\/toute-vos-questions\/#breadcrumb"},"inLanguage":"fr-FR","potentialAction":[{"@type":"ReadAction","target":["https:\/\/letempleaurelie.fr\/LeTempledAurelie\/toute-vos-questions\/"]}]},{"@type":"BreadcrumbList","@id":"https:\/\/letempleaurelie.fr\/LeTempledAurelie\/toute-vos-questions\/#breadcrumb","itemListElement":[{"@type":"ListItem","position":1,"name":"Home","item":"https:\/\/letempleaurelie.fr\/LeTempledAurelie\/"},{"@type":"ListItem","position":2,"name":"Infos pratiques"}]},{"@type":"WebSite","@id":"https:\/\/letempleaurelie.fr\/LeTempledAurelie\/#website","url":"https:\/\/letempleaurelie.fr\/LeTempledAurelie\/","name":"Le Temple d'Aur\u00e9lie","description":"M\u00e9decine Traditionnelle chinoise - presation \u00e0 domicile sur bordeaux","publisher":{"@id":"https:\/\/letempleaurelie.fr\/LeTempledAurelie\/#organization"},"potentialAction":[{"@type":"SearchAction","target":{"@type":"EntryPoint","urlTemplate":"https:\/\/letempleaurelie.fr\/LeTempledAurelie\/?s={search_term_string}"},"query-input":{"@type":"PropertyValueSpecification","valueRequired":true,"valueName":"search_term_string"}}],"inLanguage":"fr-FR"},{"@type":"Organization","@id":"https:\/\/letempleaurelie.fr\/LeTempledAurelie\/#organization","name":"Le Temple d'Aur\u00e9lie","url":"https:\/\/letempleaurelie.fr\/LeTempledAurelie\/","logo":{"@type":"ImageObject","inLanguage":"fr-FR","@id":"https:\/\/letempleaurelie.fr\/LeTempledAurelie\/#\/schema\/logo\/image\/","url":"https:\/\/letempleaurelie.fr\/LeTempledAurelie\/wp-content\/uploads\/2025\/08\/cropped-Tarifs-2025-4-e1755540009833_lwsoptimized.webp","contentUrl":"https:\/\/letempleaurelie.fr\/LeTempledAurelie\/wp-content\/uploads\/2025\/08\/cropped-Tarifs-2025-4-e1755540009833_lwsoptimized.webp","width":826,"height":996,"caption":"Le Temple d'Aur\u00e9lie"},"image":{"@id":"https:\/\/letempleaurelie.fr\/LeTempledAurelie\/#\/schema\/logo\/image\/"},"sameAs":["https:\/\/www.facebook.com\/p\/Le-temple-dAurelie-61574210465277\/","https:\/\/www.instagram.com\/Le-temple-dAurelie"]}]}},"_links":{"self":[{"href":"https:\/\/letempleaurelie.fr\/LeTempledAurelie\/wp-json\/wp\/v2\/pages\/39","targetHints":{"allow":["GET"]}}],"collection":[{"href":"https:\/\/letempleaurelie.fr\/LeTempledAurelie\/wp-json\/wp\/v2\/pages"}],"about":[{"href":"https:\/\/letempleaurelie.fr\/LeTempledAurelie\/wp-json\/wp\/v2\/types\/page"}],"author":[{"embeddable":true,"href":"https:\/\/letempleaurelie.fr\/LeTempledAurelie\/wp-json\/wp\/v2\/users\/1"}],"replies":[{"embeddable":true,"href":"https:\/\/letempleaurelie.fr\/LeTempledAurelie\/wp-json\/wp\/v2\/comments?post=39"}],"version-history":[{"count":0,"href":"https:\/\/letempleaurelie.fr\/LeTempledAurelie\/wp-json\/wp\/v2\/pages\/39\/revisions"}],"wp:attachment":[{"href":"https:\/\/letempleaurelie.fr\/LeTempledAurelie\/wp-json\/wp\/v2\/media?parent=39"}],"curies":[{"name":"wp","href":"https:\/\/api.w.org\/{rel}","templated":true}]}}