{"id":17,"date":"2025-08-10T19:40:34","date_gmt":"2025-08-10T17:40:34","guid":{"rendered":"https:\/\/letempleaurelie.fr\/LeTempledAurelie\/?page_id=17"},"modified":"2026-01-14T10:43:30","modified_gmt":"2026-01-14T09:43:30","slug":"contact","status":"publish","type":"page","link":"https:\/\/letempleaurelie.fr\/LeTempledAurelie\/contact\/","title":{"rendered":"Contact"},"content":{"rendered":"\t\t<div data-elementor-type=\"wp-page\" data-elementor-id=\"17\" class=\"elementor elementor-17\">\n\t\t\t\t<div class=\"elementor-element elementor-element-fae4e5c e-flex e-con-boxed e-con e-parent\" data-id=\"fae4e5c\" data-element_type=\"container\" data-e-type=\"container\">\n\t\t\t\t\t<div class=\"e-con-inner\">\n\t\t\t\t<div class=\"elementor-element elementor-element-6b43a6f elementor-widget elementor-widget-heading\" data-id=\"6b43a6f\" data-element_type=\"widget\" data-e-type=\"widget\" data-widget_type=\"heading.default\">\n\t\t\t\t\t<h2 class=\"elementor-heading-title elementor-size-default\">Bienvenue dans cet espace d'\u00e9change<\/h2>\t\t\t\t<\/div>\n\t\t\t\t<div class=\"elementor-element elementor-element-0c9d03b elementor-widget elementor-widget-text-editor\" data-id=\"0c9d03b\" data-element_type=\"widget\" data-e-type=\"widget\" data-widget_type=\"text-editor.default\">\n\t\t\t\t\t\t\t\t\t<p><span style=\"color: #d4a5a5;\"><b>Vous avez des question, souhaitez prendre rendez-vous ou simplement en savoir plus sur mes soins ? Je suis \u00e0 votre \u00e9coute !<\/b><\/span><\/p><p>Vous pouvez me contacter directement par t\u00e9l\u00e9phone, par e-mail via le formulaire de contact. Je r\u00e9ponds rapidement \u00e0 chaque demande pour que votre bien-\u00eatre ne reste jamais en attente.\u00a0<\/p>\t\t\t\t\t\t\t\t<\/div>\n\t\t\t\t\t<\/div>\n\t\t\t\t<\/div>\n\t\t<div class=\"elementor-element elementor-element-7d4da10 e-con-full e-flex e-con e-parent\" data-id=\"7d4da10\" data-element_type=\"container\" data-e-type=\"container\">\n\t\t<div class=\"elementor-element elementor-element-7cc970b e-con-full e-flex e-con e-child\" data-id=\"7cc970b\" data-element_type=\"container\" data-e-type=\"container\">\n\t\t\t\t<div class=\"elementor-element elementor-element-a2effac elementor-widget elementor-widget-image\" data-id=\"a2effac\" data-element_type=\"widget\" data-e-type=\"widget\" data-widget_type=\"image.default\">\n\t\t\t\t\t\t\t\t\t\t\t\t\t\t\t<img fetchpriority=\"high\" width=\"768\" height=\"960\"  class=\"attachment-medium_large size-medium_large wp-image-1478 lws-optimize-lazyload\" alt=\"Horaires d&#039;ouverture\" srcset=\"https:\/\/letempleaurelie.fr\/LeTempledAurelie\/wp-content\/uploads\/2026\/01\/1_20260114_104226_0000-768x960.webp 768w, https:\/\/letempleaurelie.fr\/LeTempledAurelie\/wp-content\/uploads\/2026\/01\/1_20260114_104226_0000-240x300.webp 240w, https:\/\/letempleaurelie.fr\/LeTempledAurelie\/wp-content\/uploads\/2026\/01\/1_20260114_104226_0000-819x1024.webp 819w, https:\/\/letempleaurelie.fr\/LeTempledAurelie\/wp-content\/uploads\/2026\/01\/1_20260114_104226_0000.webp 1080w\" sizes=\"(max-width: 768px) 100vw, 768px\" \/ data-src=\"https:\/\/letempleaurelie.fr\/LeTempledAurelie\/wp-content\/uploads\/2026\/01\/1_20260114_104226_0000-768x960.webp\">\t\t\t\t\t\t\t\t\t\t\t\t\t\t\t<\/div>\n\t\t<div class=\"elementor-element elementor-element-41f08e2 e-con-full e-flex e-con e-child\" data-id=\"41f08e2\" data-element_type=\"container\" data-e-type=\"container\">\n\t\t\t\t<div class=\"elementor-element elementor-element-198f1ec elementor-widget elementor-widget-text-editor\" data-id=\"198f1ec\" data-element_type=\"widget\" data-e-type=\"widget\" data-widget_type=\"text-editor.default\">\n\t\t\t\t\t\t\t\t\t<p>Remplissez le formulaire ou cliquer sur \u00ab\u00a0Je r\u00e9serve ma s\u00e9ance\u00a0\u00bb\u00a0 et je vous recontacterai dans les plus brefs d\u00e9lais.<\/p><p>Votre s\u00e9r\u00e9nit\u00e9 commence par un simple message.<\/p>\t\t\t\t\t\t\t\t<\/div>\n\t\t\t\t<div class=\"elementor-element elementor-element-2fbd40e elementor-align-center elementor-widget elementor-widget-button\" data-id=\"2fbd40e\" data-element_type=\"widget\" data-e-type=\"widget\" data-widget_type=\"button.default\">\n\t\t\t\t\t\t\t\t\t\t<a class=\"elementor-button elementor-button-link elementor-size-sm\" href=\"https:\/\/letempleaurelie.fr\/LeTempledAurelie\/prendre-un-rdv\/\">\n\t\t\t\t\t\t<span class=\"elementor-button-content-wrapper\">\n\t\t\t\t\t\t\t\t\t<span class=\"elementor-button-text\">Je r\u00e9serve ma s\u00e9ance<\/span>\n\t\t\t\t\t<\/span>\n\t\t\t\t\t<\/a>\n\t\t\t\t\t\t\t\t<\/div>\n\t\t<div class=\"elementor-element elementor-element-b648250 e-con-full e-flex e-con e-child\" data-id=\"b648250\" data-element_type=\"container\" data-e-type=\"container\">\n\t\t\t\t<div class=\"elementor-element elementor-element-e83ee5f elementor-view-default elementor-widget elementor-widget-icon\" data-id=\"e83ee5f\" data-element_type=\"widget\" data-e-type=\"widget\" data-widget_type=\"icon.default\">\n\t\t\t\t\t\t\t<div class=\"elementor-icon-wrapper\">\n\t\t\t<div class=\"elementor-icon\">\n\t\t\t<svg aria-hidden=\"true\" class=\"e-font-icon-svg e-fas-phone-alt\" viewBox=\"0 0 512 512\" xmlns=\"http:\/\/www.w3.org\/2000\/svg\"><path d=\"M497.39 361.8l-112-48a24 24 0 0 0-28 6.9l-49.6 60.6A370.66 370.66 0 0 1 130.6 204.11l60.6-49.6a23.94 23.94 0 0 0 6.9-28l-48-112A24.16 24.16 0 0 0 122.6.61l-104 24A24 24 0 0 0 0 48c0 256.5 207.9 464 464 464a24 24 0 0 0 23.4-18.6l24-104a24.29 24.29 0 0 0-14.01-27.6z\"><\/path><\/svg>\t\t\t<\/div>\n\t\t<\/div>\n\t\t\t\t\t\t<\/div>\n\t\t\t\t<div class=\"elementor-element elementor-element-d4213f6 elementor-widget elementor-widget-text-editor\" data-id=\"d4213f6\" data-element_type=\"widget\" data-e-type=\"widget\" data-widget_type=\"text-editor.default\">\n\t\t\t\t\t\t\t\t\t<p>07.49.84.26.33<\/p>\t\t\t\t\t\t\t\t<\/div>\n\t\t\t\t<\/div>\n\t\t\t\t<div class=\"elementor-element elementor-element-b17a9e8 elementor-widget elementor-widget-text-editor\" data-id=\"b17a9e8\" data-element_type=\"widget\" data-e-type=\"widget\" data-widget_type=\"text-editor.default\">\n\t\t\t\t\t\t\t\t\t<p><span style=\"font-weight: 400;\">(Laisser un message si je suis en s\u00e9ance, je vous rappelle rapidement)<\/span><span style=\"font-weight: 400;\"><br \/><\/span><\/p>\t\t\t\t\t\t\t\t<\/div>\n\t\t\t\t<\/div>\n\t\t\t\t<\/div>\n\t\t<div class=\"elementor-element elementor-element-68c0a8c e-con-full e-flex e-con e-child\" data-id=\"68c0a8c\" data-element_type=\"container\" data-e-type=\"container\">\n\t\t\t\t<div class=\"elementor-element elementor-element-5eed1d7 elementor-widget elementor-widget-formidable\" data-id=\"5eed1d7\" data-element_type=\"widget\" data-e-type=\"widget\" data-widget_type=\"formidable.default\">\n\t\t\t\t<div class=\"elementor-widget-container\">\n\t\t\t\t\t<div class=\"frm_forms  with_frm_style frm_style_style-formidable\" id=\"frm_form_1_container\" >\n<form enctype=\"multipart\/form-data\" method=\"post\" class=\"frm-show-form \" id=\"form_contact-form\" >\n<div class=\"frm_form_fields \">\n<fieldset>\n<legend class=\"frm_screen_reader\">Contact Us<\/legend>\r\n\r\n<div class=\"frm_fields_container\">\n<input type=\"hidden\" name=\"frm_action\" value=\"create\" \/>\n<input type=\"hidden\" name=\"form_id\" value=\"1\" \/>\n<input type=\"hidden\" name=\"frm_hide_fields_1\" id=\"frm_hide_fields_1\" value=\"\" \/>\n<input type=\"hidden\" name=\"form_key\" value=\"contact-form\" \/>\n<input type=\"hidden\" name=\"item_meta[0]\" value=\"\" \/>\n<input type=\"hidden\" id=\"frm_submit_entry_1\" name=\"frm_submit_entry_1\" value=\"2c070ffb66\" \/><input type=\"hidden\" name=\"_wp_http_referer\" value=\"\/LeTempledAurelie\/wp-json\/wp\/v2\/pages\/17\" \/><div id=\"frm_field_1_container\" class=\"frm_form_field form-field  frm_required_field frm_top_container frm_first frm_half\">\r\n\t<label for=\"field_qh4icy\" id=\"field_qh4icy_label\" class=\"frm_primary_label\">Nom\r\n\t\t<span class=\"frm_required\" aria-hidden=\"true\">*<\/span>\r\n\t<\/label>\r\n\t<input type=\"text\" id=\"field_qh4icy\" name=\"item_meta[1]\" value=\"\"  placeholder=\"Nom\" data-reqmsg=\"Nom ne peut pas \u00eatre vide.\" aria-required=\"true\" data-invmsg=\"Nom est non valide\" aria-invalid=\"false\"  \/>\r\n\t\r\n\t\r\n<\/div>\n<div id=\"frm_field_2_container\" class=\"frm_form_field form-field  frm_required_field frm_top_container frm_half\">\r\n\t<label for=\"field_ocfup1\" id=\"field_ocfup1_label\" class=\"frm_primary_label\">Pr\u00e9nom\r\n\t\t<span class=\"frm_required\" aria-hidden=\"true\">*<\/span>\r\n\t<\/label>\r\n\t<input type=\"text\" id=\"field_ocfup1\" name=\"item_meta[2]\" value=\"\"  placeholder=\"Pr\u00e9nom\" data-reqmsg=\"Pr\u00e9nom ne peut pas \u00eatre vide.\" aria-required=\"true\" data-invmsg=\"Pr\u00e9nom est non valide\" aria-invalid=\"false\"  \/>\r\n\t\r\n\t\r\n<\/div>\n<div id=\"frm_field_3_container\" class=\"frm_form_field form-field  frm_required_field frm_top_container frm_full\">\r\n\t<label for=\"field_29yf4d\" id=\"field_29yf4d_label\" class=\"frm_primary_label\">Email\r\n\t\t<span class=\"frm_required\" aria-hidden=\"true\">*<\/span>\r\n\t<\/label>\r\n\t<input type=\"email\" id=\"field_29yf4d\" name=\"item_meta[3]\" value=\"\"  data-reqmsg=\"Email ne peut pas \u00eatre vide.\" aria-required=\"true\" data-invmsg=\"Please enter a valid email address\" aria-invalid=\"false\"  \/>\r\n\t\r\n\t\r\n<\/div>\n<div id=\"frm_field_5_container\" class=\"frm_form_field form-field  frm_required_field frm_top_container frm_full\">\r\n\t<label for=\"field_9jv0r1\" id=\"field_9jv0r1_label\" class=\"frm_primary_label\">Message\r\n\t\t<span class=\"frm_required\" aria-hidden=\"true\">*<\/span>\r\n\t<\/label>\r\n\t<textarea name=\"item_meta[5]\" id=\"field_9jv0r1\" rows=\"7\"  placeholder=\"Afin de mieux pr\u00e9parer notre futur \u00e9change, merci de pr\u00e9ciser votre besoin : \r\n- Le motif de votre demande ainsi\r\n -Vos disponibilit\u00e9 (date et heure)\" data-reqmsg=\"Message ne peut pas \u00eatre vide.\" aria-required=\"true\" data-invmsg=\"Message est non valide\" aria-invalid=\"false\"  ><\/textarea>\r\n\t\r\n\t\r\n<\/div>\n<div id=\"frm_field_18_container\" class=\"frm_form_field form-field \">\r\n\t<div class=\"frm_submit frm_flex\">\r\n<button class=\"frm_button_submit\" type=\"submit\"  >Envoyer<\/button>\r\n\r\n\r\n\r\n<\/div>\r\n<\/div>\n\t<input type=\"hidden\" name=\"item_key\" value=\"\" \/>\n\t\t\t<div id=\"frm_field_31_container\">\n\t\t\t<label for=\"field_jfwac\" >\n\t\t\t\tSi vous \u00eates un humain, ne remplissez pas ce champ.\t\t\t<\/label>\n\t\t\t<input  id=\"field_jfwac\" type=\"text\" class=\"frm_form_field form-field frm_verify\" name=\"item_meta[31]\" value=\"\"  \/>\n\t\t<\/div>\n\t\t<input name=\"frm_state\" type=\"hidden\" value=\"RtmI6f7GSt1Xw6bN6kAXrK8BEmntfyRV8NHbOb3xbbc=\" \/><\/div>\n<\/fieldset>\n<\/div>\n\n<\/form>\n<\/div>\n\t\t\t\t<\/div>\n\t\t\t\t<\/div>\n\t\t\t\t<\/div>\n\t\t\t\t<\/div>\n\t\t\t\t<\/div>\n\t\t\n    <div class=\"xs_social_share_widget xs_share_url after_content \t\tmain_content  wslu-style-1 wslu-share-box-shaped wslu-fill-colored wslu-none wslu-share-horizontal wslu-theme-font-no wslu-main_content\">\n\n\t\t\n        <ul>\n\t\t\t        <\/ul>\n    <\/div> \n","protected":false},"excerpt":{"rendered":"<p>Bienvenue dans cet espace d&rsquo;\u00e9change Vous avez des question, souhaitez prendre rendez-vous ou simplement en savoir plus sur mes soins ? Je suis \u00e0 votre \u00e9coute ! Vous pouvez me contacter directement par t\u00e9l\u00e9phone, par e-mail via le formulaire de contact. Je r\u00e9ponds rapidement \u00e0 chaque demande pour que votre bien-\u00eatre ne reste jamais en [&hellip;]<\/p>\n","protected":false},"author":1,"featured_media":0,"parent":0,"menu_order":0,"comment_status":"closed","ping_status":"open","template":"","meta":{"postBodyCss":"","postBodyMargin":[],"postBodyPadding":[],"postBodyBackground":{"backgroundType":"classic","gradient":""},"ocean_post_layout":"","ocean_both_sidebars_style":"","ocean_both_sidebars_content_width":0,"ocean_both_sidebars_sidebars_width":0,"ocean_sidebar":"","ocean_second_sidebar":"","ocean_disable_margins":"enable","ocean_add_body_class":"","ocean_shortcode_before_top_bar":"","ocean_shortcode_after_top_bar":"","ocean_shortcode_before_header":"","ocean_shortcode_after_header":"","ocean_has_shortcode":"","ocean_shortcode_after_title":"","ocean_shortcode_before_footer_widgets":"","ocean_shortcode_after_footer_widgets":"","ocean_shortcode_before_footer_bottom":"","ocean_shortcode_after_footer_bottom":"","ocean_display_top_bar":"default","ocean_display_header":"default","ocean_header_style":"","ocean_center_header_left_menu":"","ocean_custom_header_template":"","ocean_custom_logo":0,"ocean_custom_retina_logo":0,"ocean_custom_logo_max_width":0,"ocean_custom_logo_tablet_max_width":0,"ocean_custom_logo_mobile_max_width":0,"ocean_custom_logo_max_height":0,"ocean_custom_logo_tablet_max_height":0,"ocean_custom_logo_mobile_max_height":0,"ocean_header_custom_menu":"","ocean_menu_typo_font_family":"","ocean_menu_typo_font_subset":"","ocean_menu_typo_font_size":0,"ocean_menu_typo_font_size_tablet":0,"ocean_menu_typo_font_size_mobile":0,"ocean_menu_typo_font_size_unit":"px","ocean_menu_typo_font_weight":"","ocean_menu_typo_font_weight_tablet":"","ocean_menu_typo_font_weight_mobile":"","ocean_menu_typo_transform":"","ocean_menu_typo_transform_tablet":"","ocean_menu_typo_transform_mobile":"","ocean_menu_typo_line_height":0,"ocean_menu_typo_line_height_tablet":0,"ocean_menu_typo_line_height_mobile":0,"ocean_menu_typo_line_height_unit":"","ocean_menu_typo_spacing":0,"ocean_menu_typo_spacing_tablet":0,"ocean_menu_typo_spacing_mobile":0,"ocean_menu_typo_spacing_unit":"","ocean_menu_link_color":"","ocean_menu_link_color_hover":"","ocean_menu_link_color_active":"","ocean_menu_link_background":"","ocean_menu_link_hover_background":"","ocean_menu_link_active_background":"","ocean_menu_social_links_bg":"","ocean_menu_social_hover_links_bg":"","ocean_menu_social_links_color":"","ocean_menu_social_hover_links_color":"","ocean_disable_title":"on","ocean_disable_heading":"default","ocean_post_title":"","ocean_post_subheading":"","ocean_post_title_style":"","ocean_post_title_background_color":"","ocean_post_title_background":0,"ocean_post_title_bg_image_position":"","ocean_post_title_bg_image_attachment":"","ocean_post_title_bg_image_repeat":"","ocean_post_title_bg_image_size":"","ocean_post_title_height":0,"ocean_post_title_bg_overlay":0.5,"ocean_post_title_bg_overlay_color":"","ocean_disable_breadcrumbs":"default","ocean_breadcrumbs_color":"","ocean_breadcrumbs_separator_color":"","ocean_breadcrumbs_links_color":"","ocean_breadcrumbs_links_hover_color":"","ocean_display_footer_widgets":"default","ocean_display_footer_bottom":"default","ocean_custom_footer_template":"","footnotes":""},"class_list":["post-17","page","type-page","status-publish","hentry","entry"],"yoast_head":"<!-- This site is optimized with the Yoast SEO plugin v27.3 - https:\/\/yoast.com\/product\/yoast-seo-wordpress\/ -->\n<title>Le Temple Aur\u00e9lie - M\u00e9decine Traditionnelle Chinoise \u00e0 domicile - Bordeaux<\/title>\n<meta name=\"description\" content=\"Aur\u00e9lie, praticienne en m\u00e9decine traditionnelle chinoise \u00e0 domicile \u00e0 Bordeaux : Tuina, drainage, auriculoth\u00e9rapie et ventouses.\" \/>\n<meta name=\"robots\" content=\"noindex, follow\" \/>\n<meta property=\"og:locale\" content=\"fr_FR\" \/>\n<meta property=\"og:type\" content=\"article\" \/>\n<meta property=\"og:title\" content=\"Le Temple Aur\u00e9lie - M\u00e9decine Traditionnelle Chinoise \u00e0 domicile - Bordeaux\" \/>\n<meta property=\"og:description\" content=\"Aur\u00e9lie, praticienne en m\u00e9decine traditionnelle chinoise \u00e0 domicile \u00e0 Bordeaux : Tuina, drainage, auriculoth\u00e9rapie et ventouses.\" \/>\n<meta property=\"og:url\" content=\"https:\/\/letempleaurelie.fr\/LeTempledAurelie\/contact\/\" \/>\n<meta property=\"og:site_name\" content=\"Le Temple Aur\u00e9lie\" \/>\n<meta property=\"article:publisher\" content=\"https:\/\/www.facebook.com\/p\/Le-temple-dAurelie-61574210465277\/\" \/>\n<meta property=\"article:modified_time\" content=\"2026-01-14T09:43:30+00:00\" \/>\n<meta property=\"og:image\" content=\"https:\/\/letempleaurelie.fr\/LeTempledAurelie\/wp-content\/uploads\/2026\/01\/1_20260114_104226_0000-768x960.webp\" \/>\n<meta name=\"twitter:card\" content=\"summary_large_image\" \/>\n<meta name=\"twitter:label1\" content=\"Dur\u00e9e de lecture estim\u00e9e\" \/>\n\t<meta name=\"twitter:data1\" content=\"1 minute\" \/>\n<script type=\"application\/ld+json\" class=\"yoast-schema-graph\">{\"@context\":\"https:\\\/\\\/schema.org\",\"@graph\":[{\"@type\":\"WebPage\",\"@id\":\"https:\\\/\\\/letempleaurelie.fr\\\/LeTempledAurelie\\\/contact\\\/\",\"url\":\"https:\\\/\\\/letempleaurelie.fr\\\/LeTempledAurelie\\\/contact\\\/\",\"name\":\"Le Temple Aur\u00e9lie - M\u00e9decine Traditionnelle Chinoise \u00e0 domicile - Bordeaux\",\"isPartOf\":{\"@id\":\"https:\\\/\\\/letempleaurelie.fr\\\/LeTempledAurelie\\\/#website\"},\"primaryImageOfPage\":{\"@id\":\"https:\\\/\\\/letempleaurelie.fr\\\/LeTempledAurelie\\\/contact\\\/#primaryimage\"},\"image\":{\"@id\":\"https:\\\/\\\/letempleaurelie.fr\\\/LeTempledAurelie\\\/contact\\\/#primaryimage\"},\"thumbnailUrl\":\"https:\\\/\\\/letempleaurelie.fr\\\/LeTempledAurelie\\\/wp-content\\\/uploads\\\/2026\\\/01\\\/1_20260114_104226_0000-768x960.webp\",\"datePublished\":\"2025-08-10T17:40:34+00:00\",\"dateModified\":\"2026-01-14T09:43:30+00:00\",\"description\":\"Aur\u00e9lie, praticienne en m\u00e9decine traditionnelle chinoise \u00e0 domicile \u00e0 Bordeaux : Tuina, drainage, auriculoth\u00e9rapie et ventouses.\",\"breadcrumb\":{\"@id\":\"https:\\\/\\\/letempleaurelie.fr\\\/LeTempledAurelie\\\/contact\\\/#breadcrumb\"},\"inLanguage\":\"fr-FR\",\"potentialAction\":[{\"@type\":\"ReadAction\",\"target\":[\"https:\\\/\\\/letempleaurelie.fr\\\/LeTempledAurelie\\\/contact\\\/\"]}]},{\"@type\":\"ImageObject\",\"inLanguage\":\"fr-FR\",\"@id\":\"https:\\\/\\\/letempleaurelie.fr\\\/LeTempledAurelie\\\/contact\\\/#primaryimage\",\"url\":\"https:\\\/\\\/letempleaurelie.fr\\\/LeTempledAurelie\\\/wp-content\\\/uploads\\\/2026\\\/01\\\/1_20260114_104226_0000.webp\",\"contentUrl\":\"https:\\\/\\\/letempleaurelie.fr\\\/LeTempledAurelie\\\/wp-content\\\/uploads\\\/2026\\\/01\\\/1_20260114_104226_0000.webp\",\"width\":1080,\"height\":1350,\"caption\":\"Horaires d'ouverture\"},{\"@type\":\"BreadcrumbList\",\"@id\":\"https:\\\/\\\/letempleaurelie.fr\\\/LeTempledAurelie\\\/contact\\\/#breadcrumb\",\"itemListElement\":[{\"@type\":\"ListItem\",\"position\":1,\"name\":\"Home\",\"item\":\"https:\\\/\\\/letempleaurelie.fr\\\/LeTempledAurelie\\\/\"},{\"@type\":\"ListItem\",\"position\":2,\"name\":\"Contact\"}]},{\"@type\":\"WebSite\",\"@id\":\"https:\\\/\\\/letempleaurelie.fr\\\/LeTempledAurelie\\\/#website\",\"url\":\"https:\\\/\\\/letempleaurelie.fr\\\/LeTempledAurelie\\\/\",\"name\":\"Le Temple d'Aur\u00e9lie\",\"description\":\"M\u00e9decine Traditionnelle chinoise - presation \u00e0 domicile sur bordeaux\",\"publisher\":{\"@id\":\"https:\\\/\\\/letempleaurelie.fr\\\/LeTempledAurelie\\\/#organization\"},\"potentialAction\":[{\"@type\":\"SearchAction\",\"target\":{\"@type\":\"EntryPoint\",\"urlTemplate\":\"https:\\\/\\\/letempleaurelie.fr\\\/LeTempledAurelie\\\/?s={search_term_string}\"},\"query-input\":{\"@type\":\"PropertyValueSpecification\",\"valueRequired\":true,\"valueName\":\"search_term_string\"}}],\"inLanguage\":\"fr-FR\"},{\"@type\":\"Organization\",\"@id\":\"https:\\\/\\\/letempleaurelie.fr\\\/LeTempledAurelie\\\/#organization\",\"name\":\"Le Temple d'Aur\u00e9lie\",\"url\":\"https:\\\/\\\/letempleaurelie.fr\\\/LeTempledAurelie\\\/\",\"logo\":{\"@type\":\"ImageObject\",\"inLanguage\":\"fr-FR\",\"@id\":\"https:\\\/\\\/letempleaurelie.fr\\\/LeTempledAurelie\\\/#\\\/schema\\\/logo\\\/image\\\/\",\"url\":\"https:\\\/\\\/letempleaurelie.fr\\\/LeTempledAurelie\\\/wp-content\\\/uploads\\\/2025\\\/08\\\/cropped-Tarifs-2025-4-e1755540009833_lwsoptimized.webp\",\"contentUrl\":\"https:\\\/\\\/letempleaurelie.fr\\\/LeTempledAurelie\\\/wp-content\\\/uploads\\\/2025\\\/08\\\/cropped-Tarifs-2025-4-e1755540009833_lwsoptimized.webp\",\"width\":826,\"height\":996,\"caption\":\"Le Temple d'Aur\u00e9lie\"},\"image\":{\"@id\":\"https:\\\/\\\/letempleaurelie.fr\\\/LeTempledAurelie\\\/#\\\/schema\\\/logo\\\/image\\\/\"},\"sameAs\":[\"https:\\\/\\\/www.facebook.com\\\/p\\\/Le-temple-dAurelie-61574210465277\\\/\",\"https:\\\/\\\/www.instagram.com\\\/Le-temple-dAurelie\"]}]}<\/script>\n<!-- \/ Yoast SEO plugin. -->","yoast_head_json":{"title":"Le Temple Aur\u00e9lie - M\u00e9decine Traditionnelle Chinoise \u00e0 domicile - Bordeaux","description":"Aur\u00e9lie, praticienne en m\u00e9decine traditionnelle chinoise \u00e0 domicile \u00e0 Bordeaux : Tuina, drainage, auriculoth\u00e9rapie et ventouses.","robots":{"index":"noindex","follow":"follow"},"og_locale":"fr_FR","og_type":"article","og_title":"Le Temple Aur\u00e9lie - M\u00e9decine Traditionnelle Chinoise \u00e0 domicile - Bordeaux","og_description":"Aur\u00e9lie, praticienne en m\u00e9decine traditionnelle chinoise \u00e0 domicile \u00e0 Bordeaux : Tuina, drainage, auriculoth\u00e9rapie et ventouses.","og_url":"https:\/\/letempleaurelie.fr\/LeTempledAurelie\/contact\/","og_site_name":"Le Temple Aur\u00e9lie","article_publisher":"https:\/\/www.facebook.com\/p\/Le-temple-dAurelie-61574210465277\/","article_modified_time":"2026-01-14T09:43:30+00:00","og_image":[{"url":"https:\/\/letempleaurelie.fr\/LeTempledAurelie\/wp-content\/uploads\/2026\/01\/1_20260114_104226_0000-768x960.webp","type":"","width":"","height":""}],"twitter_card":"summary_large_image","twitter_misc":{"Dur\u00e9e de lecture estim\u00e9e":"1 minute"},"schema":{"@context":"https:\/\/schema.org","@graph":[{"@type":"WebPage","@id":"https:\/\/letempleaurelie.fr\/LeTempledAurelie\/contact\/","url":"https:\/\/letempleaurelie.fr\/LeTempledAurelie\/contact\/","name":"Le Temple Aur\u00e9lie - M\u00e9decine Traditionnelle Chinoise \u00e0 domicile - Bordeaux","isPartOf":{"@id":"https:\/\/letempleaurelie.fr\/LeTempledAurelie\/#website"},"primaryImageOfPage":{"@id":"https:\/\/letempleaurelie.fr\/LeTempledAurelie\/contact\/#primaryimage"},"image":{"@id":"https:\/\/letempleaurelie.fr\/LeTempledAurelie\/contact\/#primaryimage"},"thumbnailUrl":"https:\/\/letempleaurelie.fr\/LeTempledAurelie\/wp-content\/uploads\/2026\/01\/1_20260114_104226_0000-768x960.webp","datePublished":"2025-08-10T17:40:34+00:00","dateModified":"2026-01-14T09:43:30+00:00","description":"Aur\u00e9lie, praticienne en m\u00e9decine traditionnelle chinoise \u00e0 domicile \u00e0 Bordeaux : Tuina, drainage, auriculoth\u00e9rapie et ventouses.","breadcrumb":{"@id":"https:\/\/letempleaurelie.fr\/LeTempledAurelie\/contact\/#breadcrumb"},"inLanguage":"fr-FR","potentialAction":[{"@type":"ReadAction","target":["https:\/\/letempleaurelie.fr\/LeTempledAurelie\/contact\/"]}]},{"@type":"ImageObject","inLanguage":"fr-FR","@id":"https:\/\/letempleaurelie.fr\/LeTempledAurelie\/contact\/#primaryimage","url":"https:\/\/letempleaurelie.fr\/LeTempledAurelie\/wp-content\/uploads\/2026\/01\/1_20260114_104226_0000.webp","contentUrl":"https:\/\/letempleaurelie.fr\/LeTempledAurelie\/wp-content\/uploads\/2026\/01\/1_20260114_104226_0000.webp","width":1080,"height":1350,"caption":"Horaires d'ouverture"},{"@type":"BreadcrumbList","@id":"https:\/\/letempleaurelie.fr\/LeTempledAurelie\/contact\/#breadcrumb","itemListElement":[{"@type":"ListItem","position":1,"name":"Home","item":"https:\/\/letempleaurelie.fr\/LeTempledAurelie\/"},{"@type":"ListItem","position":2,"name":"Contact"}]},{"@type":"WebSite","@id":"https:\/\/letempleaurelie.fr\/LeTempledAurelie\/#website","url":"https:\/\/letempleaurelie.fr\/LeTempledAurelie\/","name":"Le Temple d'Aur\u00e9lie","description":"M\u00e9decine Traditionnelle chinoise - presation \u00e0 domicile sur bordeaux","publisher":{"@id":"https:\/\/letempleaurelie.fr\/LeTempledAurelie\/#organization"},"potentialAction":[{"@type":"SearchAction","target":{"@type":"EntryPoint","urlTemplate":"https:\/\/letempleaurelie.fr\/LeTempledAurelie\/?s={search_term_string}"},"query-input":{"@type":"PropertyValueSpecification","valueRequired":true,"valueName":"search_term_string"}}],"inLanguage":"fr-FR"},{"@type":"Organization","@id":"https:\/\/letempleaurelie.fr\/LeTempledAurelie\/#organization","name":"Le Temple d'Aur\u00e9lie","url":"https:\/\/letempleaurelie.fr\/LeTempledAurelie\/","logo":{"@type":"ImageObject","inLanguage":"fr-FR","@id":"https:\/\/letempleaurelie.fr\/LeTempledAurelie\/#\/schema\/logo\/image\/","url":"https:\/\/letempleaurelie.fr\/LeTempledAurelie\/wp-content\/uploads\/2025\/08\/cropped-Tarifs-2025-4-e1755540009833_lwsoptimized.webp","contentUrl":"https:\/\/letempleaurelie.fr\/LeTempledAurelie\/wp-content\/uploads\/2025\/08\/cropped-Tarifs-2025-4-e1755540009833_lwsoptimized.webp","width":826,"height":996,"caption":"Le Temple d'Aur\u00e9lie"},"image":{"@id":"https:\/\/letempleaurelie.fr\/LeTempledAurelie\/#\/schema\/logo\/image\/"},"sameAs":["https:\/\/www.facebook.com\/p\/Le-temple-dAurelie-61574210465277\/","https:\/\/www.instagram.com\/Le-temple-dAurelie"]}]}},"_links":{"self":[{"href":"https:\/\/letempleaurelie.fr\/LeTempledAurelie\/wp-json\/wp\/v2\/pages\/17","targetHints":{"allow":["GET"]}}],"collection":[{"href":"https:\/\/letempleaurelie.fr\/LeTempledAurelie\/wp-json\/wp\/v2\/pages"}],"about":[{"href":"https:\/\/letempleaurelie.fr\/LeTempledAurelie\/wp-json\/wp\/v2\/types\/page"}],"author":[{"embeddable":true,"href":"https:\/\/letempleaurelie.fr\/LeTempledAurelie\/wp-json\/wp\/v2\/users\/1"}],"replies":[{"embeddable":true,"href":"https:\/\/letempleaurelie.fr\/LeTempledAurelie\/wp-json\/wp\/v2\/comments?post=17"}],"version-history":[{"count":0,"href":"https:\/\/letempleaurelie.fr\/LeTempledAurelie\/wp-json\/wp\/v2\/pages\/17\/revisions"}],"wp:attachment":[{"href":"https:\/\/letempleaurelie.fr\/LeTempledAurelie\/wp-json\/wp\/v2\/media?parent=17"}],"curies":[{"name":"wp","href":"https:\/\/api.w.org\/{rel}","templated":true}]}}